{"id":988,"date":"2022-03-15T16:27:38","date_gmt":"2022-03-15T19:27:38","guid":{"rendered":"https:\/\/quaritere.com.br\/site\/?page_id=988"},"modified":"2022-03-15T16:27:38","modified_gmt":"2022-03-15T19:27:38","slug":"egum","status":"publish","type":"page","link":"https:\/\/quaritere.com.br\/site\/afrofuturismo\/egum\/","title":{"rendered":"EGUM"},"content":{"rendered":"<div class=\"wpb-content-wrapper\"><p>[vc_row][vc_column width=&#8221;2\/3&#8243;][vc_column_text]<\/p>\n<p style=\"text-align: left;\"><strong>Assista &#8220;EGUM&#8221; da Resist\u00eancia Negra \u2013 2\u00aa edi\u00e7\u00e3o \u2013 VI Mostra de Cinema Negro de Mato Grosso AFROFUTURISMO \u2013 Tecnologia da Resist\u00eancia:<\/strong><\/p>\n<p><iframe loading=\"lazy\" title=\"EGUM\" width=\"1100\" height=\"619\" src=\"https:\/\/www.youtube.com\/embed\/gnFqp3J7ssc?feature=oembed\" frameborder=\"0\" allow=\"accelerometer; autoplay; clipboard-write; encrypted-media; gyroscope; picture-in-picture\" allowfullscreen><\/iframe><\/p>\n<p><b>EGUM (RJ, 2020). Dire\u00e7\u00e3o: Yuri Costa. 23 min.<\/b><\/p>\n<p><b>Fic\u00e7\u00e3o. Classifica\u00e7\u00e3o: 14 anos<\/b><\/p>\n<p><strong>Sinopse:<\/strong> Ap\u00f3s anos afastado devido \u00e0 violenta morte do irm\u00e3o, um renomado jornalista retorna para a casa de sua fam\u00edlia para cuidar de sua m\u00e3e, que sofre uma grave e desconhecida doen\u00e7a. Numa noite, o jornalista recebe a visita de dois estranhos, que t\u00eam neg\u00f3cios desconhecidos com seu pai. esse encontro, juntamente com acontecimentos que o levam a desconfiar que algo sobrenatural se abateu sobre sua m\u00e3e, fazem-no temer uma nova trag\u00e9dia.[\/vc_column_text][\/vc_column][vc_column width=&#8221;1\/3&#8243;][vc_single_image image=&#8221;923&#8243; img_size=&#8221;&#8221; onclick=&#8221;img_link_large&#8221; img_link_target=&#8221;_blank&#8221;][vc_empty_space height=&#8221;20px&#8221;][\/vc_column][\/vc_row][vc_row][vc_column][vc_empty_space][vc_single_image image=&#8221;946&#8243; img_size=&#8221;600&#215;133&#8243; alignment=&#8221;center&#8221;][\/vc_column][\/vc_row]<\/p>\n<\/div>","protected":false},"excerpt":{"rendered":"<p>[vc_row][vc_column width=&#8221;2\/3&#8243;][vc_column_text] Assista &#8220;EGUM&#8221; da Resist\u00eancia Negra \u2013 2\u00aa edi\u00e7\u00e3o \u2013 VI Mostra de Cinema Negro de Mato Grosso AFROFUTURISMO \u2013 Tecnologia da Resist\u00eancia: EGUM (RJ, 2020). Dire\u00e7\u00e3o: Yuri Costa. 23 min. Fic\u00e7\u00e3o. Classifica\u00e7\u00e3o: 14 anos Sinopse: Ap\u00f3s anos afastado [&hellip;]<\/p>\n","protected":false},"author":1,"featured_media":923,"parent":950,"menu_order":0,"comment_status":"closed","ping_status":"closed","template":"","meta":{"footnotes":""},"class_list":["post-988","page","type-page","status-publish","has-post-thumbnail","hentry"],"yoast_head":"<!-- This site is optimized with the Yoast SEO plugin v26.9 - https:\/\/yoast.com\/product\/yoast-seo-wordpress\/ -->\n<title>EGUM - Aquilombamento Audiovisual Quariter\u00ea<\/title>\n<meta name=\"robots\" content=\"index, follow, max-snippet:-1, max-image-preview:large, max-video-preview:-1\" \/>\n<link rel=\"canonical\" href=\"https:\/\/quaritere.com.br\/site\/afrofuturismo\/egum\/\" \/>\n<meta property=\"og:locale\" content=\"pt_BR\" \/>\n<meta property=\"og:type\" content=\"article\" \/>\n<meta property=\"og:title\" content=\"EGUM - Aquilombamento Audiovisual Quariter\u00ea\" \/>\n<meta property=\"og:description\" content=\"[vc_row][vc_column width=&#8221;2\/3&#8243;][vc_column_text] Assista &#8220;EGUM&#8221; da Resist\u00eancia Negra \u2013 2\u00aa edi\u00e7\u00e3o \u2013 VI Mostra de Cinema Negro de Mato Grosso AFROFUTURISMO \u2013 Tecnologia da Resist\u00eancia: EGUM (RJ, 2020). Dire\u00e7\u00e3o: Yuri Costa. 23 min. Fic\u00e7\u00e3o. Classifica\u00e7\u00e3o: 14 anos Sinopse: Ap\u00f3s anos afastado [&hellip;]\" \/>\n<meta property=\"og:url\" content=\"https:\/\/quaritere.com.br\/site\/afrofuturismo\/egum\/\" \/>\n<meta property=\"og:site_name\" content=\"Aquilombamento Audiovisual Quariter\u00ea\" \/>\n<meta property=\"og:image\" content=\"https:\/\/quaritere.com.br\/site\/wp-content\/uploads\/2022\/03\/cartaz_egum.jpg\" \/>\n\t<meta property=\"og:image:width\" content=\"400\" \/>\n\t<meta property=\"og:image:height\" content=\"600\" \/>\n\t<meta property=\"og:image:type\" content=\"image\/jpeg\" \/>\n<meta name=\"twitter:card\" content=\"summary_large_image\" \/>\n<meta name=\"twitter:label1\" content=\"Est. tempo de leitura\" \/>\n\t<meta name=\"twitter:data1\" content=\"1 minuto\" \/>\n<script type=\"application\/ld+json\" class=\"yoast-schema-graph\">{\"@context\":\"https:\/\/schema.org\",\"@graph\":[{\"@type\":\"WebPage\",\"@id\":\"https:\/\/quaritere.com.br\/site\/afrofuturismo\/egum\/\",\"url\":\"https:\/\/quaritere.com.br\/site\/afrofuturismo\/egum\/\",\"name\":\"EGUM - Aquilombamento Audiovisual Quariter\u00ea\",\"isPartOf\":{\"@id\":\"https:\/\/quaritere.com.br\/site\/#website\"},\"primaryImageOfPage\":{\"@id\":\"https:\/\/quaritere.com.br\/site\/afrofuturismo\/egum\/#primaryimage\"},\"image\":{\"@id\":\"https:\/\/quaritere.com.br\/site\/afrofuturismo\/egum\/#primaryimage\"},\"thumbnailUrl\":\"https:\/\/quaritere.com.br\/site\/wp-content\/uploads\/2022\/03\/cartaz_egum.jpg\",\"datePublished\":\"2022-03-15T19:27:38+00:00\",\"breadcrumb\":{\"@id\":\"https:\/\/quaritere.com.br\/site\/afrofuturismo\/egum\/#breadcrumb\"},\"inLanguage\":\"pt-BR\",\"potentialAction\":[{\"@type\":\"ReadAction\",\"target\":[\"https:\/\/quaritere.com.br\/site\/afrofuturismo\/egum\/\"]}]},{\"@type\":\"ImageObject\",\"inLanguage\":\"pt-BR\",\"@id\":\"https:\/\/quaritere.com.br\/site\/afrofuturismo\/egum\/#primaryimage\",\"url\":\"https:\/\/quaritere.com.br\/site\/wp-content\/uploads\/2022\/03\/cartaz_egum.jpg\",\"contentUrl\":\"https:\/\/quaritere.com.br\/site\/wp-content\/uploads\/2022\/03\/cartaz_egum.jpg\",\"width\":400,\"height\":600},{\"@type\":\"BreadcrumbList\",\"@id\":\"https:\/\/quaritere.com.br\/site\/afrofuturismo\/egum\/#breadcrumb\",\"itemListElement\":[{\"@type\":\"ListItem\",\"position\":1,\"name\":\"In\u00edcio\",\"item\":\"https:\/\/quaritere.com.br\/site\/\"},{\"@type\":\"ListItem\",\"position\":2,\"name\":\"6\u00ba Mostra do Cinema Negro &#8220;Afrofuturismo&#8221;\",\"item\":\"https:\/\/quaritere.com.br\/site\/afrofuturismo\/\"},{\"@type\":\"ListItem\",\"position\":3,\"name\":\"EGUM\"}]},{\"@type\":\"WebSite\",\"@id\":\"https:\/\/quaritere.com.br\/site\/#website\",\"url\":\"https:\/\/quaritere.com.br\/site\/\",\"name\":\"Aquilombamento Audiovisual Quariter\u00ea\",\"description\":\"Site Oficial\",\"potentialAction\":[{\"@type\":\"SearchAction\",\"target\":{\"@type\":\"EntryPoint\",\"urlTemplate\":\"https:\/\/quaritere.com.br\/site\/?s={search_term_string}\"},\"query-input\":{\"@type\":\"PropertyValueSpecification\",\"valueRequired\":true,\"valueName\":\"search_term_string\"}}],\"inLanguage\":\"pt-BR\"}]}<\/script>\n<!-- \/ Yoast SEO plugin. -->","yoast_head_json":{"title":"EGUM - Aquilombamento Audiovisual Quariter\u00ea","robots":{"index":"index","follow":"follow","max-snippet":"max-snippet:-1","max-image-preview":"max-image-preview:large","max-video-preview":"max-video-preview:-1"},"canonical":"https:\/\/quaritere.com.br\/site\/afrofuturismo\/egum\/","og_locale":"pt_BR","og_type":"article","og_title":"EGUM - Aquilombamento Audiovisual Quariter\u00ea","og_description":"[vc_row][vc_column width=&#8221;2\/3&#8243;][vc_column_text] Assista &#8220;EGUM&#8221; da Resist\u00eancia Negra \u2013 2\u00aa edi\u00e7\u00e3o \u2013 VI Mostra de Cinema Negro de Mato Grosso AFROFUTURISMO \u2013 Tecnologia da Resist\u00eancia: EGUM (RJ, 2020). Dire\u00e7\u00e3o: Yuri Costa. 23 min. Fic\u00e7\u00e3o. Classifica\u00e7\u00e3o: 14 anos Sinopse: Ap\u00f3s anos afastado [&hellip;]","og_url":"https:\/\/quaritere.com.br\/site\/afrofuturismo\/egum\/","og_site_name":"Aquilombamento Audiovisual Quariter\u00ea","og_image":[{"width":400,"height":600,"url":"https:\/\/quaritere.com.br\/site\/wp-content\/uploads\/2022\/03\/cartaz_egum.jpg","type":"image\/jpeg"}],"twitter_card":"summary_large_image","twitter_misc":{"Est. tempo de leitura":"1 minuto"},"schema":{"@context":"https:\/\/schema.org","@graph":[{"@type":"WebPage","@id":"https:\/\/quaritere.com.br\/site\/afrofuturismo\/egum\/","url":"https:\/\/quaritere.com.br\/site\/afrofuturismo\/egum\/","name":"EGUM - Aquilombamento Audiovisual Quariter\u00ea","isPartOf":{"@id":"https:\/\/quaritere.com.br\/site\/#website"},"primaryImageOfPage":{"@id":"https:\/\/quaritere.com.br\/site\/afrofuturismo\/egum\/#primaryimage"},"image":{"@id":"https:\/\/quaritere.com.br\/site\/afrofuturismo\/egum\/#primaryimage"},"thumbnailUrl":"https:\/\/quaritere.com.br\/site\/wp-content\/uploads\/2022\/03\/cartaz_egum.jpg","datePublished":"2022-03-15T19:27:38+00:00","breadcrumb":{"@id":"https:\/\/quaritere.com.br\/site\/afrofuturismo\/egum\/#breadcrumb"},"inLanguage":"pt-BR","potentialAction":[{"@type":"ReadAction","target":["https:\/\/quaritere.com.br\/site\/afrofuturismo\/egum\/"]}]},{"@type":"ImageObject","inLanguage":"pt-BR","@id":"https:\/\/quaritere.com.br\/site\/afrofuturismo\/egum\/#primaryimage","url":"https:\/\/quaritere.com.br\/site\/wp-content\/uploads\/2022\/03\/cartaz_egum.jpg","contentUrl":"https:\/\/quaritere.com.br\/site\/wp-content\/uploads\/2022\/03\/cartaz_egum.jpg","width":400,"height":600},{"@type":"BreadcrumbList","@id":"https:\/\/quaritere.com.br\/site\/afrofuturismo\/egum\/#breadcrumb","itemListElement":[{"@type":"ListItem","position":1,"name":"In\u00edcio","item":"https:\/\/quaritere.com.br\/site\/"},{"@type":"ListItem","position":2,"name":"6\u00ba Mostra do Cinema Negro &#8220;Afrofuturismo&#8221;","item":"https:\/\/quaritere.com.br\/site\/afrofuturismo\/"},{"@type":"ListItem","position":3,"name":"EGUM"}]},{"@type":"WebSite","@id":"https:\/\/quaritere.com.br\/site\/#website","url":"https:\/\/quaritere.com.br\/site\/","name":"Aquilombamento Audiovisual Quariter\u00ea","description":"Site Oficial","potentialAction":[{"@type":"SearchAction","target":{"@type":"EntryPoint","urlTemplate":"https:\/\/quaritere.com.br\/site\/?s={search_term_string}"},"query-input":{"@type":"PropertyValueSpecification","valueRequired":true,"valueName":"search_term_string"}}],"inLanguage":"pt-BR"}]}},"_links":{"self":[{"href":"https:\/\/quaritere.com.br\/site\/wp-json\/wp\/v2\/pages\/988","targetHints":{"allow":["GET"]}}],"collection":[{"href":"https:\/\/quaritere.com.br\/site\/wp-json\/wp\/v2\/pages"}],"about":[{"href":"https:\/\/quaritere.com.br\/site\/wp-json\/wp\/v2\/types\/page"}],"author":[{"embeddable":true,"href":"https:\/\/quaritere.com.br\/site\/wp-json\/wp\/v2\/users\/1"}],"replies":[{"embeddable":true,"href":"https:\/\/quaritere.com.br\/site\/wp-json\/wp\/v2\/comments?post=988"}],"version-history":[{"count":2,"href":"https:\/\/quaritere.com.br\/site\/wp-json\/wp\/v2\/pages\/988\/revisions"}],"predecessor-version":[{"id":991,"href":"https:\/\/quaritere.com.br\/site\/wp-json\/wp\/v2\/pages\/988\/revisions\/991"}],"up":[{"embeddable":true,"href":"https:\/\/quaritere.com.br\/site\/wp-json\/wp\/v2\/pages\/950"}],"wp:featuredmedia":[{"embeddable":true,"href":"https:\/\/quaritere.com.br\/site\/wp-json\/wp\/v2\/media\/923"}],"wp:attachment":[{"href":"https:\/\/quaritere.com.br\/site\/wp-json\/wp\/v2\/media?parent=988"}],"curies":[{"name":"wp","href":"https:\/\/api.w.org\/{rel}","templated":true}]}}