{"id":981,"date":"2022-03-15T16:13:22","date_gmt":"2022-03-15T19:13:22","guid":{"rendered":"https:\/\/quaritere.com.br\/site\/?page_id=981"},"modified":"2022-03-15T16:13:22","modified_gmt":"2022-03-15T19:13:22","slug":"pulso-dessa-ferreira","status":"publish","type":"page","link":"https:\/\/quaritere.com.br\/site\/afrofuturismo\/pulso-dessa-ferreira\/","title":{"rendered":"Pulso &#8211; Dessa Ferreira"},"content":{"rendered":"<div class=\"wpb-content-wrapper\"><p>[vc_row][vc_column width=&#8221;2\/3&#8243;][vc_column_text]<\/p>\n<p style=\"text-align: left;\"><strong>Assista &#8220;Pulso &#8211; Dessa Ferreira&#8221; da Resist\u00eancia Negra \u2013 2\u00aa edi\u00e7\u00e3o \u2013 VI Mostra de Cinema Negro de Mato Grosso AFROFUTURISMO \u2013 Tecnologia da Resist\u00eancia:<\/strong><\/p>\n<p><iframe loading=\"lazy\" title=\"PULSO\" width=\"1100\" height=\"619\" src=\"https:\/\/www.youtube.com\/embed\/yJFBEKF2sTs?feature=oembed\" frameborder=\"0\" allow=\"accelerometer; autoplay; clipboard-write; encrypted-media; gyroscope; picture-in-picture\" allowfullscreen><\/iframe><\/p>\n<p><b>Pulso &#8211; Dessa Ferreira (RS, 2020). Dire\u00e7\u00e3o: Kaya Rodrigues. 5min.<\/b><\/p>\n<p><b>Videoclipe. Classifica\u00e7\u00e3o: Livre<\/b><\/p>\n<p><strong>Sinopse:<\/strong> \u201cPulso\u201d fala sobre silenciamentos, provoca a reflex\u00e3o sobre si, sobre a import\u00e2ncia de se conhecer, se ver, sobre ouvir, sentir e seguir o pulsar do cora\u00e7\u00e3o. \u201cEm vida, o cora\u00e7\u00e3o pulsa e esse pulso \u00e9 a pr\u00f3pria ancestralidade se comunicando contigo\u201d, expressa Dessa Ferreira. Com dire\u00e7\u00e3o e roteiro de Kaya Rodrigues e co-dire\u00e7\u00e3o de Luis Ferreirah o clipe da m\u00fasica se prop\u00f5e ao encontro de mulheres e sua ancestralidade. Um ritual \u00e9 invocado, uma busca pela natureza, pelo sorriso e pela troca. H\u00e1 na conversa entre as imagens e a m\u00fasica, uma reflex\u00e3o acerca das imposi\u00e7\u00f5es socioculturais e a busca pela pr\u00f3pria verdade. O clipe provoca a pensar o quanto essas hist\u00f3rias est\u00e3o permeadas entre diversas mulheres negras que partilham de viv\u00eancias semelhantes, de apagamentos e de redescobertas. Fala sobre a pot\u00eancia do aquilombamento de mulheres negras, que por meio do espelhamento, se nutrem, se enxergam e, juntas, buscam formas de se fortalecerem e construir novas possibilidades de futuro em conex\u00e3o com a ancestralidade. Nesse clipe buscou-se resgatar a trajet\u00f3ria da compositora que, criada com uma educa\u00e7\u00e3o crist\u00e3, embarca numa descoberta de suas origens afro-ind\u00edgena.[\/vc_column_text][\/vc_column][vc_column width=&#8221;1\/3&#8243;][vc_single_image image=&#8221;928&#8243; img_size=&#8221;&#8221; onclick=&#8221;img_link_large&#8221; img_link_target=&#8221;_blank&#8221;][vc_empty_space height=&#8221;20px&#8221;][\/vc_column][\/vc_row][vc_row][vc_column][vc_empty_space][vc_single_image image=&#8221;946&#8243; img_size=&#8221;600&#215;133&#8243; alignment=&#8221;center&#8221;][\/vc_column][\/vc_row]<\/p>\n<\/div>","protected":false},"excerpt":{"rendered":"<p>[vc_row][vc_column width=&#8221;2\/3&#8243;][vc_column_text] Assista &#8220;Pulso &#8211; Dessa Ferreira&#8221; da Resist\u00eancia Negra \u2013 2\u00aa edi\u00e7\u00e3o \u2013 VI Mostra de Cinema Negro de Mato Grosso AFROFUTURISMO \u2013 Tecnologia da Resist\u00eancia: Pulso &#8211; Dessa Ferreira (RS, 2020). Dire\u00e7\u00e3o: Kaya Rodrigues. 5min. Videoclipe. Classifica\u00e7\u00e3o: Livre [&hellip;]<\/p>\n","protected":false},"author":1,"featured_media":928,"parent":950,"menu_order":0,"comment_status":"closed","ping_status":"closed","template":"","meta":{"footnotes":""},"class_list":["post-981","page","type-page","status-publish","has-post-thumbnail","hentry"],"yoast_head":"<!-- This site is optimized with the Yoast SEO plugin v26.9 - https:\/\/yoast.com\/product\/yoast-seo-wordpress\/ -->\n<title>Pulso - Dessa Ferreira - Aquilombamento Audiovisual Quariter\u00ea<\/title>\n<meta name=\"robots\" content=\"index, follow, max-snippet:-1, max-image-preview:large, max-video-preview:-1\" \/>\n<link rel=\"canonical\" href=\"https:\/\/quaritere.com.br\/site\/afrofuturismo\/pulso-dessa-ferreira\/\" \/>\n<meta property=\"og:locale\" content=\"pt_BR\" \/>\n<meta property=\"og:type\" content=\"article\" \/>\n<meta property=\"og:title\" content=\"Pulso - Dessa Ferreira - Aquilombamento Audiovisual Quariter\u00ea\" \/>\n<meta property=\"og:description\" content=\"[vc_row][vc_column width=&#8221;2\/3&#8243;][vc_column_text] Assista &#8220;Pulso &#8211; Dessa Ferreira&#8221; da Resist\u00eancia Negra \u2013 2\u00aa edi\u00e7\u00e3o \u2013 VI Mostra de Cinema Negro de Mato Grosso AFROFUTURISMO \u2013 Tecnologia da Resist\u00eancia: Pulso &#8211; Dessa Ferreira (RS, 2020). Dire\u00e7\u00e3o: Kaya Rodrigues. 5min. Videoclipe. Classifica\u00e7\u00e3o: Livre [&hellip;]\" \/>\n<meta property=\"og:url\" content=\"https:\/\/quaritere.com.br\/site\/afrofuturismo\/pulso-dessa-ferreira\/\" \/>\n<meta property=\"og:site_name\" content=\"Aquilombamento Audiovisual Quariter\u00ea\" \/>\n<meta property=\"og:image\" content=\"https:\/\/quaritere.com.br\/site\/wp-content\/uploads\/2022\/03\/cartaz_Pulso.jpg\" \/>\n\t<meta property=\"og:image:width\" content=\"2048\" \/>\n\t<meta property=\"og:image:height\" content=\"1280\" \/>\n\t<meta property=\"og:image:type\" content=\"image\/jpeg\" \/>\n<meta name=\"twitter:card\" content=\"summary_large_image\" \/>\n<meta name=\"twitter:label1\" content=\"Est. tempo de leitura\" \/>\n\t<meta name=\"twitter:data1\" content=\"2 minutos\" \/>\n<script type=\"application\/ld+json\" class=\"yoast-schema-graph\">{\"@context\":\"https:\/\/schema.org\",\"@graph\":[{\"@type\":\"WebPage\",\"@id\":\"https:\/\/quaritere.com.br\/site\/afrofuturismo\/pulso-dessa-ferreira\/\",\"url\":\"https:\/\/quaritere.com.br\/site\/afrofuturismo\/pulso-dessa-ferreira\/\",\"name\":\"Pulso - Dessa Ferreira - Aquilombamento Audiovisual Quariter\u00ea\",\"isPartOf\":{\"@id\":\"https:\/\/quaritere.com.br\/site\/#website\"},\"primaryImageOfPage\":{\"@id\":\"https:\/\/quaritere.com.br\/site\/afrofuturismo\/pulso-dessa-ferreira\/#primaryimage\"},\"image\":{\"@id\":\"https:\/\/quaritere.com.br\/site\/afrofuturismo\/pulso-dessa-ferreira\/#primaryimage\"},\"thumbnailUrl\":\"https:\/\/quaritere.com.br\/site\/wp-content\/uploads\/2022\/03\/cartaz_Pulso.jpg\",\"datePublished\":\"2022-03-15T19:13:22+00:00\",\"breadcrumb\":{\"@id\":\"https:\/\/quaritere.com.br\/site\/afrofuturismo\/pulso-dessa-ferreira\/#breadcrumb\"},\"inLanguage\":\"pt-BR\",\"potentialAction\":[{\"@type\":\"ReadAction\",\"target\":[\"https:\/\/quaritere.com.br\/site\/afrofuturismo\/pulso-dessa-ferreira\/\"]}]},{\"@type\":\"ImageObject\",\"inLanguage\":\"pt-BR\",\"@id\":\"https:\/\/quaritere.com.br\/site\/afrofuturismo\/pulso-dessa-ferreira\/#primaryimage\",\"url\":\"https:\/\/quaritere.com.br\/site\/wp-content\/uploads\/2022\/03\/cartaz_Pulso.jpg\",\"contentUrl\":\"https:\/\/quaritere.com.br\/site\/wp-content\/uploads\/2022\/03\/cartaz_Pulso.jpg\",\"width\":2048,\"height\":1280},{\"@type\":\"BreadcrumbList\",\"@id\":\"https:\/\/quaritere.com.br\/site\/afrofuturismo\/pulso-dessa-ferreira\/#breadcrumb\",\"itemListElement\":[{\"@type\":\"ListItem\",\"position\":1,\"name\":\"In\u00edcio\",\"item\":\"https:\/\/quaritere.com.br\/site\/\"},{\"@type\":\"ListItem\",\"position\":2,\"name\":\"6\u00ba Mostra do Cinema Negro &#8220;Afrofuturismo&#8221;\",\"item\":\"https:\/\/quaritere.com.br\/site\/afrofuturismo\/\"},{\"@type\":\"ListItem\",\"position\":3,\"name\":\"Pulso &#8211; Dessa Ferreira\"}]},{\"@type\":\"WebSite\",\"@id\":\"https:\/\/quaritere.com.br\/site\/#website\",\"url\":\"https:\/\/quaritere.com.br\/site\/\",\"name\":\"Aquilombamento Audiovisual Quariter\u00ea\",\"description\":\"Site Oficial\",\"potentialAction\":[{\"@type\":\"SearchAction\",\"target\":{\"@type\":\"EntryPoint\",\"urlTemplate\":\"https:\/\/quaritere.com.br\/site\/?s={search_term_string}\"},\"query-input\":{\"@type\":\"PropertyValueSpecification\",\"valueRequired\":true,\"valueName\":\"search_term_string\"}}],\"inLanguage\":\"pt-BR\"}]}<\/script>\n<!-- \/ Yoast SEO plugin. -->","yoast_head_json":{"title":"Pulso - Dessa Ferreira - Aquilombamento Audiovisual Quariter\u00ea","robots":{"index":"index","follow":"follow","max-snippet":"max-snippet:-1","max-image-preview":"max-image-preview:large","max-video-preview":"max-video-preview:-1"},"canonical":"https:\/\/quaritere.com.br\/site\/afrofuturismo\/pulso-dessa-ferreira\/","og_locale":"pt_BR","og_type":"article","og_title":"Pulso - Dessa Ferreira - Aquilombamento Audiovisual Quariter\u00ea","og_description":"[vc_row][vc_column width=&#8221;2\/3&#8243;][vc_column_text] Assista &#8220;Pulso &#8211; Dessa Ferreira&#8221; da Resist\u00eancia Negra \u2013 2\u00aa edi\u00e7\u00e3o \u2013 VI Mostra de Cinema Negro de Mato Grosso AFROFUTURISMO \u2013 Tecnologia da Resist\u00eancia: Pulso &#8211; Dessa Ferreira (RS, 2020). Dire\u00e7\u00e3o: Kaya Rodrigues. 5min. Videoclipe. Classifica\u00e7\u00e3o: Livre [&hellip;]","og_url":"https:\/\/quaritere.com.br\/site\/afrofuturismo\/pulso-dessa-ferreira\/","og_site_name":"Aquilombamento Audiovisual Quariter\u00ea","og_image":[{"width":2048,"height":1280,"url":"https:\/\/quaritere.com.br\/site\/wp-content\/uploads\/2022\/03\/cartaz_Pulso.jpg","type":"image\/jpeg"}],"twitter_card":"summary_large_image","twitter_misc":{"Est. tempo de leitura":"2 minutos"},"schema":{"@context":"https:\/\/schema.org","@graph":[{"@type":"WebPage","@id":"https:\/\/quaritere.com.br\/site\/afrofuturismo\/pulso-dessa-ferreira\/","url":"https:\/\/quaritere.com.br\/site\/afrofuturismo\/pulso-dessa-ferreira\/","name":"Pulso - Dessa Ferreira - Aquilombamento Audiovisual Quariter\u00ea","isPartOf":{"@id":"https:\/\/quaritere.com.br\/site\/#website"},"primaryImageOfPage":{"@id":"https:\/\/quaritere.com.br\/site\/afrofuturismo\/pulso-dessa-ferreira\/#primaryimage"},"image":{"@id":"https:\/\/quaritere.com.br\/site\/afrofuturismo\/pulso-dessa-ferreira\/#primaryimage"},"thumbnailUrl":"https:\/\/quaritere.com.br\/site\/wp-content\/uploads\/2022\/03\/cartaz_Pulso.jpg","datePublished":"2022-03-15T19:13:22+00:00","breadcrumb":{"@id":"https:\/\/quaritere.com.br\/site\/afrofuturismo\/pulso-dessa-ferreira\/#breadcrumb"},"inLanguage":"pt-BR","potentialAction":[{"@type":"ReadAction","target":["https:\/\/quaritere.com.br\/site\/afrofuturismo\/pulso-dessa-ferreira\/"]}]},{"@type":"ImageObject","inLanguage":"pt-BR","@id":"https:\/\/quaritere.com.br\/site\/afrofuturismo\/pulso-dessa-ferreira\/#primaryimage","url":"https:\/\/quaritere.com.br\/site\/wp-content\/uploads\/2022\/03\/cartaz_Pulso.jpg","contentUrl":"https:\/\/quaritere.com.br\/site\/wp-content\/uploads\/2022\/03\/cartaz_Pulso.jpg","width":2048,"height":1280},{"@type":"BreadcrumbList","@id":"https:\/\/quaritere.com.br\/site\/afrofuturismo\/pulso-dessa-ferreira\/#breadcrumb","itemListElement":[{"@type":"ListItem","position":1,"name":"In\u00edcio","item":"https:\/\/quaritere.com.br\/site\/"},{"@type":"ListItem","position":2,"name":"6\u00ba Mostra do Cinema Negro &#8220;Afrofuturismo&#8221;","item":"https:\/\/quaritere.com.br\/site\/afrofuturismo\/"},{"@type":"ListItem","position":3,"name":"Pulso &#8211; Dessa Ferreira"}]},{"@type":"WebSite","@id":"https:\/\/quaritere.com.br\/site\/#website","url":"https:\/\/quaritere.com.br\/site\/","name":"Aquilombamento Audiovisual Quariter\u00ea","description":"Site Oficial","potentialAction":[{"@type":"SearchAction","target":{"@type":"EntryPoint","urlTemplate":"https:\/\/quaritere.com.br\/site\/?s={search_term_string}"},"query-input":{"@type":"PropertyValueSpecification","valueRequired":true,"valueName":"search_term_string"}}],"inLanguage":"pt-BR"}]}},"_links":{"self":[{"href":"https:\/\/quaritere.com.br\/site\/wp-json\/wp\/v2\/pages\/981","targetHints":{"allow":["GET"]}}],"collection":[{"href":"https:\/\/quaritere.com.br\/site\/wp-json\/wp\/v2\/pages"}],"about":[{"href":"https:\/\/quaritere.com.br\/site\/wp-json\/wp\/v2\/types\/page"}],"author":[{"embeddable":true,"href":"https:\/\/quaritere.com.br\/site\/wp-json\/wp\/v2\/users\/1"}],"replies":[{"embeddable":true,"href":"https:\/\/quaritere.com.br\/site\/wp-json\/wp\/v2\/comments?post=981"}],"version-history":[{"count":1,"href":"https:\/\/quaritere.com.br\/site\/wp-json\/wp\/v2\/pages\/981\/revisions"}],"predecessor-version":[{"id":982,"href":"https:\/\/quaritere.com.br\/site\/wp-json\/wp\/v2\/pages\/981\/revisions\/982"}],"up":[{"embeddable":true,"href":"https:\/\/quaritere.com.br\/site\/wp-json\/wp\/v2\/pages\/950"}],"wp:featuredmedia":[{"embeddable":true,"href":"https:\/\/quaritere.com.br\/site\/wp-json\/wp\/v2\/media\/928"}],"wp:attachment":[{"href":"https:\/\/quaritere.com.br\/site\/wp-json\/wp\/v2\/media?parent=981"}],"curies":[{"name":"wp","href":"https:\/\/api.w.org\/{rel}","templated":true}]}}