{"id":979,"date":"2022-03-15T16:08:37","date_gmt":"2022-03-15T19:08:37","guid":{"rendered":"https:\/\/quaritere.com.br\/site\/?page_id=979"},"modified":"2022-03-15T16:08:37","modified_gmt":"2022-03-15T19:08:37","slug":"pachamama-a-black-z","status":"publish","type":"page","link":"https:\/\/quaritere.com.br\/site\/afrofuturismo\/pachamama-a-black-z\/","title":{"rendered":"Pachamama &#8211; A Black Z"},"content":{"rendered":"<div class=\"wpb-content-wrapper\"><p>[vc_row][vc_column width=&#8221;2\/3&#8243;][vc_column_text]<\/p>\n<p style=\"text-align: left;\"><strong>Assista &#8220;<b>Pachamama &#8211; A Black Z<\/b>&#8221; da Resist\u00eancia Negra \u2013 2\u00aa edi\u00e7\u00e3o \u2013 VI Mostra de Cinema Negro de Mato Grosso AFROFUTURISMO \u2013 Tecnologia da Resist\u00eancia:<\/strong><\/p>\n<p><iframe loading=\"lazy\" title=\"PACHAMAMA\" width=\"1100\" height=\"619\" src=\"https:\/\/www.youtube.com\/embed\/iWBRB0Ic1m8?feature=oembed\" frameborder=\"0\" allow=\"accelerometer; autoplay; clipboard-write; encrypted-media; gyroscope; picture-in-picture\" allowfullscreen><\/iframe><\/p>\n<p><b>Pachamama &#8211; A Black Z (RO, 2021). Dire\u00e7\u00e3o: \u00c9dier William. 3Min<\/b><\/p>\n<p><b>Videoclipe. Classifica\u00e7\u00e3o: 12 anos.<\/b><\/p>\n<p><strong>Sinopse:<\/strong> A Amaz\u00f4nia est\u00e1 em chamas. Este clipe \u00e9 um manifesto contra esse ecoc\u00eddio.[\/vc_column_text][\/vc_column][vc_column width=&#8221;1\/3&#8243;][vc_single_image image=&#8221;925&#8243; img_size=&#8221;&#8221; onclick=&#8221;img_link_large&#8221; img_link_target=&#8221;_blank&#8221;][vc_empty_space height=&#8221;20px&#8221;][\/vc_column][\/vc_row][vc_row][vc_column][vc_empty_space][vc_single_image image=&#8221;946&#8243; img_size=&#8221;600&#215;133&#8243; alignment=&#8221;center&#8221;][\/vc_column][\/vc_row]<\/p>\n<\/div>","protected":false},"excerpt":{"rendered":"<p>[vc_row][vc_column width=&#8221;2\/3&#8243;][vc_column_text] Assista &#8220;Pachamama &#8211; A Black Z&#8221; da Resist\u00eancia Negra \u2013 2\u00aa edi\u00e7\u00e3o \u2013 VI Mostra de Cinema Negro de Mato Grosso AFROFUTURISMO \u2013 Tecnologia da Resist\u00eancia: Pachamama &#8211; A Black Z (RO, 2021). Dire\u00e7\u00e3o: \u00c9dier William. 3Min Videoclipe. [&hellip;]<\/p>\n","protected":false},"author":1,"featured_media":925,"parent":950,"menu_order":0,"comment_status":"closed","ping_status":"closed","template":"","meta":{"footnotes":""},"class_list":["post-979","page","type-page","status-publish","has-post-thumbnail","hentry"],"yoast_head":"<!-- This site is optimized with the Yoast SEO plugin v26.9 - https:\/\/yoast.com\/product\/yoast-seo-wordpress\/ -->\n<title>Pachamama - A Black Z - Aquilombamento Audiovisual Quariter\u00ea<\/title>\n<meta name=\"robots\" content=\"index, follow, max-snippet:-1, max-image-preview:large, max-video-preview:-1\" \/>\n<link rel=\"canonical\" href=\"https:\/\/quaritere.com.br\/site\/afrofuturismo\/pachamama-a-black-z\/\" \/>\n<meta property=\"og:locale\" content=\"pt_BR\" \/>\n<meta property=\"og:type\" content=\"article\" \/>\n<meta property=\"og:title\" content=\"Pachamama - A Black Z - Aquilombamento Audiovisual Quariter\u00ea\" \/>\n<meta property=\"og:description\" content=\"[vc_row][vc_column width=&#8221;2\/3&#8243;][vc_column_text] Assista &#8220;Pachamama &#8211; A Black Z&#8221; da Resist\u00eancia Negra \u2013 2\u00aa edi\u00e7\u00e3o \u2013 VI Mostra de Cinema Negro de Mato Grosso AFROFUTURISMO \u2013 Tecnologia da Resist\u00eancia: Pachamama &#8211; A Black Z (RO, 2021). Dire\u00e7\u00e3o: \u00c9dier William. 3Min Videoclipe. [&hellip;]\" \/>\n<meta property=\"og:url\" content=\"https:\/\/quaritere.com.br\/site\/afrofuturismo\/pachamama-a-black-z\/\" \/>\n<meta property=\"og:site_name\" content=\"Aquilombamento Audiovisual Quariter\u00ea\" \/>\n<meta property=\"og:image\" content=\"https:\/\/quaritere.com.br\/site\/wp-content\/uploads\/2022\/03\/WhatsApp-Image-2022-03-09-at-01.42.28.jpeg\" \/>\n\t<meta property=\"og:image:width\" content=\"1280\" \/>\n\t<meta property=\"og:image:height\" content=\"720\" \/>\n\t<meta property=\"og:image:type\" content=\"image\/jpeg\" \/>\n<meta name=\"twitter:card\" content=\"summary_large_image\" \/>\n<meta name=\"twitter:label1\" content=\"Est. tempo de leitura\" \/>\n\t<meta name=\"twitter:data1\" content=\"1 minuto\" \/>\n<script type=\"application\/ld+json\" class=\"yoast-schema-graph\">{\"@context\":\"https:\/\/schema.org\",\"@graph\":[{\"@type\":\"WebPage\",\"@id\":\"https:\/\/quaritere.com.br\/site\/afrofuturismo\/pachamama-a-black-z\/\",\"url\":\"https:\/\/quaritere.com.br\/site\/afrofuturismo\/pachamama-a-black-z\/\",\"name\":\"Pachamama - A Black Z - Aquilombamento Audiovisual Quariter\u00ea\",\"isPartOf\":{\"@id\":\"https:\/\/quaritere.com.br\/site\/#website\"},\"primaryImageOfPage\":{\"@id\":\"https:\/\/quaritere.com.br\/site\/afrofuturismo\/pachamama-a-black-z\/#primaryimage\"},\"image\":{\"@id\":\"https:\/\/quaritere.com.br\/site\/afrofuturismo\/pachamama-a-black-z\/#primaryimage\"},\"thumbnailUrl\":\"https:\/\/quaritere.com.br\/site\/wp-content\/uploads\/2022\/03\/WhatsApp-Image-2022-03-09-at-01.42.28.jpeg\",\"datePublished\":\"2022-03-15T19:08:37+00:00\",\"breadcrumb\":{\"@id\":\"https:\/\/quaritere.com.br\/site\/afrofuturismo\/pachamama-a-black-z\/#breadcrumb\"},\"inLanguage\":\"pt-BR\",\"potentialAction\":[{\"@type\":\"ReadAction\",\"target\":[\"https:\/\/quaritere.com.br\/site\/afrofuturismo\/pachamama-a-black-z\/\"]}]},{\"@type\":\"ImageObject\",\"inLanguage\":\"pt-BR\",\"@id\":\"https:\/\/quaritere.com.br\/site\/afrofuturismo\/pachamama-a-black-z\/#primaryimage\",\"url\":\"https:\/\/quaritere.com.br\/site\/wp-content\/uploads\/2022\/03\/WhatsApp-Image-2022-03-09-at-01.42.28.jpeg\",\"contentUrl\":\"https:\/\/quaritere.com.br\/site\/wp-content\/uploads\/2022\/03\/WhatsApp-Image-2022-03-09-at-01.42.28.jpeg\",\"width\":1280,\"height\":720},{\"@type\":\"BreadcrumbList\",\"@id\":\"https:\/\/quaritere.com.br\/site\/afrofuturismo\/pachamama-a-black-z\/#breadcrumb\",\"itemListElement\":[{\"@type\":\"ListItem\",\"position\":1,\"name\":\"In\u00edcio\",\"item\":\"https:\/\/quaritere.com.br\/site\/\"},{\"@type\":\"ListItem\",\"position\":2,\"name\":\"6\u00ba Mostra do Cinema Negro &#8220;Afrofuturismo&#8221;\",\"item\":\"https:\/\/quaritere.com.br\/site\/afrofuturismo\/\"},{\"@type\":\"ListItem\",\"position\":3,\"name\":\"Pachamama &#8211; A Black Z\"}]},{\"@type\":\"WebSite\",\"@id\":\"https:\/\/quaritere.com.br\/site\/#website\",\"url\":\"https:\/\/quaritere.com.br\/site\/\",\"name\":\"Aquilombamento Audiovisual Quariter\u00ea\",\"description\":\"Site Oficial\",\"potentialAction\":[{\"@type\":\"SearchAction\",\"target\":{\"@type\":\"EntryPoint\",\"urlTemplate\":\"https:\/\/quaritere.com.br\/site\/?s={search_term_string}\"},\"query-input\":{\"@type\":\"PropertyValueSpecification\",\"valueRequired\":true,\"valueName\":\"search_term_string\"}}],\"inLanguage\":\"pt-BR\"}]}<\/script>\n<!-- \/ Yoast SEO plugin. -->","yoast_head_json":{"title":"Pachamama - A Black Z - Aquilombamento Audiovisual Quariter\u00ea","robots":{"index":"index","follow":"follow","max-snippet":"max-snippet:-1","max-image-preview":"max-image-preview:large","max-video-preview":"max-video-preview:-1"},"canonical":"https:\/\/quaritere.com.br\/site\/afrofuturismo\/pachamama-a-black-z\/","og_locale":"pt_BR","og_type":"article","og_title":"Pachamama - A Black Z - Aquilombamento Audiovisual Quariter\u00ea","og_description":"[vc_row][vc_column width=&#8221;2\/3&#8243;][vc_column_text] Assista &#8220;Pachamama &#8211; A Black Z&#8221; da Resist\u00eancia Negra \u2013 2\u00aa edi\u00e7\u00e3o \u2013 VI Mostra de Cinema Negro de Mato Grosso AFROFUTURISMO \u2013 Tecnologia da Resist\u00eancia: Pachamama &#8211; A Black Z (RO, 2021). Dire\u00e7\u00e3o: \u00c9dier William. 3Min Videoclipe. [&hellip;]","og_url":"https:\/\/quaritere.com.br\/site\/afrofuturismo\/pachamama-a-black-z\/","og_site_name":"Aquilombamento Audiovisual Quariter\u00ea","og_image":[{"width":1280,"height":720,"url":"https:\/\/quaritere.com.br\/site\/wp-content\/uploads\/2022\/03\/WhatsApp-Image-2022-03-09-at-01.42.28.jpeg","type":"image\/jpeg"}],"twitter_card":"summary_large_image","twitter_misc":{"Est. tempo de leitura":"1 minuto"},"schema":{"@context":"https:\/\/schema.org","@graph":[{"@type":"WebPage","@id":"https:\/\/quaritere.com.br\/site\/afrofuturismo\/pachamama-a-black-z\/","url":"https:\/\/quaritere.com.br\/site\/afrofuturismo\/pachamama-a-black-z\/","name":"Pachamama - A Black Z - Aquilombamento Audiovisual Quariter\u00ea","isPartOf":{"@id":"https:\/\/quaritere.com.br\/site\/#website"},"primaryImageOfPage":{"@id":"https:\/\/quaritere.com.br\/site\/afrofuturismo\/pachamama-a-black-z\/#primaryimage"},"image":{"@id":"https:\/\/quaritere.com.br\/site\/afrofuturismo\/pachamama-a-black-z\/#primaryimage"},"thumbnailUrl":"https:\/\/quaritere.com.br\/site\/wp-content\/uploads\/2022\/03\/WhatsApp-Image-2022-03-09-at-01.42.28.jpeg","datePublished":"2022-03-15T19:08:37+00:00","breadcrumb":{"@id":"https:\/\/quaritere.com.br\/site\/afrofuturismo\/pachamama-a-black-z\/#breadcrumb"},"inLanguage":"pt-BR","potentialAction":[{"@type":"ReadAction","target":["https:\/\/quaritere.com.br\/site\/afrofuturismo\/pachamama-a-black-z\/"]}]},{"@type":"ImageObject","inLanguage":"pt-BR","@id":"https:\/\/quaritere.com.br\/site\/afrofuturismo\/pachamama-a-black-z\/#primaryimage","url":"https:\/\/quaritere.com.br\/site\/wp-content\/uploads\/2022\/03\/WhatsApp-Image-2022-03-09-at-01.42.28.jpeg","contentUrl":"https:\/\/quaritere.com.br\/site\/wp-content\/uploads\/2022\/03\/WhatsApp-Image-2022-03-09-at-01.42.28.jpeg","width":1280,"height":720},{"@type":"BreadcrumbList","@id":"https:\/\/quaritere.com.br\/site\/afrofuturismo\/pachamama-a-black-z\/#breadcrumb","itemListElement":[{"@type":"ListItem","position":1,"name":"In\u00edcio","item":"https:\/\/quaritere.com.br\/site\/"},{"@type":"ListItem","position":2,"name":"6\u00ba Mostra do Cinema Negro &#8220;Afrofuturismo&#8221;","item":"https:\/\/quaritere.com.br\/site\/afrofuturismo\/"},{"@type":"ListItem","position":3,"name":"Pachamama &#8211; A Black Z"}]},{"@type":"WebSite","@id":"https:\/\/quaritere.com.br\/site\/#website","url":"https:\/\/quaritere.com.br\/site\/","name":"Aquilombamento Audiovisual Quariter\u00ea","description":"Site Oficial","potentialAction":[{"@type":"SearchAction","target":{"@type":"EntryPoint","urlTemplate":"https:\/\/quaritere.com.br\/site\/?s={search_term_string}"},"query-input":{"@type":"PropertyValueSpecification","valueRequired":true,"valueName":"search_term_string"}}],"inLanguage":"pt-BR"}]}},"_links":{"self":[{"href":"https:\/\/quaritere.com.br\/site\/wp-json\/wp\/v2\/pages\/979","targetHints":{"allow":["GET"]}}],"collection":[{"href":"https:\/\/quaritere.com.br\/site\/wp-json\/wp\/v2\/pages"}],"about":[{"href":"https:\/\/quaritere.com.br\/site\/wp-json\/wp\/v2\/types\/page"}],"author":[{"embeddable":true,"href":"https:\/\/quaritere.com.br\/site\/wp-json\/wp\/v2\/users\/1"}],"replies":[{"embeddable":true,"href":"https:\/\/quaritere.com.br\/site\/wp-json\/wp\/v2\/comments?post=979"}],"version-history":[{"count":1,"href":"https:\/\/quaritere.com.br\/site\/wp-json\/wp\/v2\/pages\/979\/revisions"}],"predecessor-version":[{"id":980,"href":"https:\/\/quaritere.com.br\/site\/wp-json\/wp\/v2\/pages\/979\/revisions\/980"}],"up":[{"embeddable":true,"href":"https:\/\/quaritere.com.br\/site\/wp-json\/wp\/v2\/pages\/950"}],"wp:featuredmedia":[{"embeddable":true,"href":"https:\/\/quaritere.com.br\/site\/wp-json\/wp\/v2\/media\/925"}],"wp:attachment":[{"href":"https:\/\/quaritere.com.br\/site\/wp-json\/wp\/v2\/media?parent=979"}],"curies":[{"name":"wp","href":"https:\/\/api.w.org\/{rel}","templated":true}]}}