{"id":967,"date":"2022-03-14T20:21:48","date_gmt":"2022-03-14T23:21:48","guid":{"rendered":"https:\/\/quaritere.com.br\/site\/?page_id=967"},"modified":"2022-03-14T20:21:48","modified_gmt":"2022-03-14T23:21:48","slug":"acervo-zumvi","status":"publish","type":"page","link":"https:\/\/quaritere.com.br\/site\/afrofuturismo\/acervo-zumvi\/","title":{"rendered":"Acervo ZUMVI"},"content":{"rendered":"<div class=\"wpb-content-wrapper\"><p>[vc_row][vc_column width=&#8221;2\/3&#8243;][vc_column_text]<\/p>\n<p style=\"text-align: left;\"><strong>Assista &#8220;Acervo ZUMVI&#8221; da Resist\u00eancia Negra \u2013 2\u00aa edi\u00e7\u00e3o \u2013 VI Mostra de Cinema Negro de Mato Grosso AFROFUTURISMO \u2013 Tecnologia da Resist\u00eancia:<\/strong><\/p>\n<p><iframe loading=\"lazy\" title=\"Acervo Zumvi - O Levante da Mem\u00f3ria\" width=\"1100\" height=\"619\" src=\"https:\/\/www.youtube.com\/embed\/Moeq7qelwek?feature=oembed\" frameborder=\"0\" allow=\"accelerometer; autoplay; clipboard-write; encrypted-media; gyroscope; picture-in-picture\" allowfullscreen><\/iframe><\/p>\n<p><b>Acervo ZUMVI (BA, 2020). Dire\u00e7\u00e3o: Iris de Oliveira. 36 min.<\/b><\/p>\n<p><b>Document\u00e1rio. Classifica\u00e7\u00e3o: Livre<\/b><\/p>\n<p><strong>Sinopse:<\/strong> <span style=\"font-weight: 400;\">O document\u00e1rio apresenta a hist\u00f3ria do ZUMVI Arquivo Fotogr\u00e1fico, sua luta por preserva\u00e7\u00e3o e a trajet\u00f3ria profissional do fot\u00f3grafo L\u00e1zaro Roberto, o &#8220;Lente Negra&#8221;, um dos pioneiros da fotografia documental na Bahia. O acervo cont\u00e9m mais de 30 mil fotogramas &#8211; um precioso e pouco conhecido conjunto de registros de importantes e definidores momentos da hist\u00f3ria da luta por justi\u00e7a social da popula\u00e7\u00e3o negra na Bahia reunidos desde a d\u00e9cada de 70. A iniciativa \u00e9 viabilizada por meio do Edital Setorial de Audiovisual 2019, com apoio financeiro do Governo do Estado, atrav\u00e9s do Fundo de Cultura, Secretaria da Fazenda, Funda\u00e7\u00e3o Cultural do Estado da Bahia e Secretaria de Cultura da Bahia.<\/span>[\/vc_column_text][\/vc_column][vc_column width=&#8221;1\/3&#8243;][vc_single_image image=&#8221;916&#8243; img_size=&#8221;&#8221; onclick=&#8221;img_link_large&#8221; img_link_target=&#8221;_blank&#8221;][vc_empty_space height=&#8221;20px&#8221;][\/vc_column][\/vc_row][vc_row][vc_column][vc_empty_space][vc_single_image image=&#8221;946&#8243; img_size=&#8221;600&#215;133&#8243; alignment=&#8221;center&#8221;][\/vc_column][\/vc_row]<\/p>\n<\/div>","protected":false},"excerpt":{"rendered":"<p>[vc_row][vc_column width=&#8221;2\/3&#8243;][vc_column_text] Assista &#8220;Acervo ZUMVI&#8221; da Resist\u00eancia Negra \u2013 2\u00aa edi\u00e7\u00e3o \u2013 VI Mostra de Cinema Negro de Mato Grosso AFROFUTURISMO \u2013 Tecnologia da Resist\u00eancia: Acervo ZUMVI (BA, 2020). Dire\u00e7\u00e3o: Iris de Oliveira. 36 min. Document\u00e1rio. Classifica\u00e7\u00e3o: Livre Sinopse: O [&hellip;]<\/p>\n","protected":false},"author":1,"featured_media":916,"parent":950,"menu_order":0,"comment_status":"closed","ping_status":"closed","template":"","meta":{"footnotes":""},"class_list":["post-967","page","type-page","status-publish","has-post-thumbnail","hentry"],"yoast_head":"<!-- This site is optimized with the Yoast SEO plugin v26.9 - https:\/\/yoast.com\/product\/yoast-seo-wordpress\/ -->\n<title>Acervo ZUMVI - Aquilombamento Audiovisual Quariter\u00ea<\/title>\n<meta name=\"robots\" content=\"index, follow, max-snippet:-1, max-image-preview:large, max-video-preview:-1\" \/>\n<link rel=\"canonical\" href=\"https:\/\/quaritere.com.br\/site\/afrofuturismo\/acervo-zumvi\/\" \/>\n<meta property=\"og:locale\" content=\"pt_BR\" \/>\n<meta property=\"og:type\" content=\"article\" \/>\n<meta property=\"og:title\" content=\"Acervo ZUMVI - Aquilombamento Audiovisual Quariter\u00ea\" \/>\n<meta property=\"og:description\" content=\"[vc_row][vc_column width=&#8221;2\/3&#8243;][vc_column_text] Assista &#8220;Acervo ZUMVI&#8221; da Resist\u00eancia Negra \u2013 2\u00aa edi\u00e7\u00e3o \u2013 VI Mostra de Cinema Negro de Mato Grosso AFROFUTURISMO \u2013 Tecnologia da Resist\u00eancia: Acervo ZUMVI (BA, 2020). Dire\u00e7\u00e3o: Iris de Oliveira. 36 min. Document\u00e1rio. Classifica\u00e7\u00e3o: Livre Sinopse: O [&hellip;]\" \/>\n<meta property=\"og:url\" content=\"https:\/\/quaritere.com.br\/site\/afrofuturismo\/acervo-zumvi\/\" \/>\n<meta property=\"og:site_name\" content=\"Aquilombamento Audiovisual Quariter\u00ea\" \/>\n<meta property=\"og:image\" content=\"https:\/\/quaritere.com.br\/site\/wp-content\/uploads\/2022\/03\/cartaz_ACERVO-ZUMVI-scaled.jpg\" \/>\n\t<meta property=\"og:image:width\" content=\"2560\" \/>\n\t<meta property=\"og:image:height\" content=\"1348\" \/>\n\t<meta property=\"og:image:type\" content=\"image\/jpeg\" \/>\n<meta name=\"twitter:card\" content=\"summary_large_image\" \/>\n<meta name=\"twitter:label1\" content=\"Est. tempo de leitura\" \/>\n\t<meta name=\"twitter:data1\" content=\"1 minuto\" \/>\n<script type=\"application\/ld+json\" class=\"yoast-schema-graph\">{\"@context\":\"https:\/\/schema.org\",\"@graph\":[{\"@type\":\"WebPage\",\"@id\":\"https:\/\/quaritere.com.br\/site\/afrofuturismo\/acervo-zumvi\/\",\"url\":\"https:\/\/quaritere.com.br\/site\/afrofuturismo\/acervo-zumvi\/\",\"name\":\"Acervo ZUMVI - Aquilombamento Audiovisual Quariter\u00ea\",\"isPartOf\":{\"@id\":\"https:\/\/quaritere.com.br\/site\/#website\"},\"primaryImageOfPage\":{\"@id\":\"https:\/\/quaritere.com.br\/site\/afrofuturismo\/acervo-zumvi\/#primaryimage\"},\"image\":{\"@id\":\"https:\/\/quaritere.com.br\/site\/afrofuturismo\/acervo-zumvi\/#primaryimage\"},\"thumbnailUrl\":\"https:\/\/quaritere.com.br\/site\/wp-content\/uploads\/2022\/03\/cartaz_ACERVO-ZUMVI-scaled.jpg\",\"datePublished\":\"2022-03-14T23:21:48+00:00\",\"breadcrumb\":{\"@id\":\"https:\/\/quaritere.com.br\/site\/afrofuturismo\/acervo-zumvi\/#breadcrumb\"},\"inLanguage\":\"pt-BR\",\"potentialAction\":[{\"@type\":\"ReadAction\",\"target\":[\"https:\/\/quaritere.com.br\/site\/afrofuturismo\/acervo-zumvi\/\"]}]},{\"@type\":\"ImageObject\",\"inLanguage\":\"pt-BR\",\"@id\":\"https:\/\/quaritere.com.br\/site\/afrofuturismo\/acervo-zumvi\/#primaryimage\",\"url\":\"https:\/\/quaritere.com.br\/site\/wp-content\/uploads\/2022\/03\/cartaz_ACERVO-ZUMVI-scaled.jpg\",\"contentUrl\":\"https:\/\/quaritere.com.br\/site\/wp-content\/uploads\/2022\/03\/cartaz_ACERVO-ZUMVI-scaled.jpg\",\"width\":2560,\"height\":1348},{\"@type\":\"BreadcrumbList\",\"@id\":\"https:\/\/quaritere.com.br\/site\/afrofuturismo\/acervo-zumvi\/#breadcrumb\",\"itemListElement\":[{\"@type\":\"ListItem\",\"position\":1,\"name\":\"In\u00edcio\",\"item\":\"https:\/\/quaritere.com.br\/site\/\"},{\"@type\":\"ListItem\",\"position\":2,\"name\":\"6\u00ba Mostra do Cinema Negro &#8220;Afrofuturismo&#8221;\",\"item\":\"https:\/\/quaritere.com.br\/site\/afrofuturismo\/\"},{\"@type\":\"ListItem\",\"position\":3,\"name\":\"Acervo ZUMVI\"}]},{\"@type\":\"WebSite\",\"@id\":\"https:\/\/quaritere.com.br\/site\/#website\",\"url\":\"https:\/\/quaritere.com.br\/site\/\",\"name\":\"Aquilombamento Audiovisual Quariter\u00ea\",\"description\":\"Site Oficial\",\"potentialAction\":[{\"@type\":\"SearchAction\",\"target\":{\"@type\":\"EntryPoint\",\"urlTemplate\":\"https:\/\/quaritere.com.br\/site\/?s={search_term_string}\"},\"query-input\":{\"@type\":\"PropertyValueSpecification\",\"valueRequired\":true,\"valueName\":\"search_term_string\"}}],\"inLanguage\":\"pt-BR\"}]}<\/script>\n<!-- \/ Yoast SEO plugin. -->","yoast_head_json":{"title":"Acervo ZUMVI - Aquilombamento Audiovisual Quariter\u00ea","robots":{"index":"index","follow":"follow","max-snippet":"max-snippet:-1","max-image-preview":"max-image-preview:large","max-video-preview":"max-video-preview:-1"},"canonical":"https:\/\/quaritere.com.br\/site\/afrofuturismo\/acervo-zumvi\/","og_locale":"pt_BR","og_type":"article","og_title":"Acervo ZUMVI - Aquilombamento Audiovisual Quariter\u00ea","og_description":"[vc_row][vc_column width=&#8221;2\/3&#8243;][vc_column_text] Assista &#8220;Acervo ZUMVI&#8221; da Resist\u00eancia Negra \u2013 2\u00aa edi\u00e7\u00e3o \u2013 VI Mostra de Cinema Negro de Mato Grosso AFROFUTURISMO \u2013 Tecnologia da Resist\u00eancia: Acervo ZUMVI (BA, 2020). Dire\u00e7\u00e3o: Iris de Oliveira. 36 min. Document\u00e1rio. Classifica\u00e7\u00e3o: Livre Sinopse: O [&hellip;]","og_url":"https:\/\/quaritere.com.br\/site\/afrofuturismo\/acervo-zumvi\/","og_site_name":"Aquilombamento Audiovisual Quariter\u00ea","og_image":[{"width":2560,"height":1348,"url":"https:\/\/quaritere.com.br\/site\/wp-content\/uploads\/2022\/03\/cartaz_ACERVO-ZUMVI-scaled.jpg","type":"image\/jpeg"}],"twitter_card":"summary_large_image","twitter_misc":{"Est. tempo de leitura":"1 minuto"},"schema":{"@context":"https:\/\/schema.org","@graph":[{"@type":"WebPage","@id":"https:\/\/quaritere.com.br\/site\/afrofuturismo\/acervo-zumvi\/","url":"https:\/\/quaritere.com.br\/site\/afrofuturismo\/acervo-zumvi\/","name":"Acervo ZUMVI - Aquilombamento Audiovisual Quariter\u00ea","isPartOf":{"@id":"https:\/\/quaritere.com.br\/site\/#website"},"primaryImageOfPage":{"@id":"https:\/\/quaritere.com.br\/site\/afrofuturismo\/acervo-zumvi\/#primaryimage"},"image":{"@id":"https:\/\/quaritere.com.br\/site\/afrofuturismo\/acervo-zumvi\/#primaryimage"},"thumbnailUrl":"https:\/\/quaritere.com.br\/site\/wp-content\/uploads\/2022\/03\/cartaz_ACERVO-ZUMVI-scaled.jpg","datePublished":"2022-03-14T23:21:48+00:00","breadcrumb":{"@id":"https:\/\/quaritere.com.br\/site\/afrofuturismo\/acervo-zumvi\/#breadcrumb"},"inLanguage":"pt-BR","potentialAction":[{"@type":"ReadAction","target":["https:\/\/quaritere.com.br\/site\/afrofuturismo\/acervo-zumvi\/"]}]},{"@type":"ImageObject","inLanguage":"pt-BR","@id":"https:\/\/quaritere.com.br\/site\/afrofuturismo\/acervo-zumvi\/#primaryimage","url":"https:\/\/quaritere.com.br\/site\/wp-content\/uploads\/2022\/03\/cartaz_ACERVO-ZUMVI-scaled.jpg","contentUrl":"https:\/\/quaritere.com.br\/site\/wp-content\/uploads\/2022\/03\/cartaz_ACERVO-ZUMVI-scaled.jpg","width":2560,"height":1348},{"@type":"BreadcrumbList","@id":"https:\/\/quaritere.com.br\/site\/afrofuturismo\/acervo-zumvi\/#breadcrumb","itemListElement":[{"@type":"ListItem","position":1,"name":"In\u00edcio","item":"https:\/\/quaritere.com.br\/site\/"},{"@type":"ListItem","position":2,"name":"6\u00ba Mostra do Cinema Negro &#8220;Afrofuturismo&#8221;","item":"https:\/\/quaritere.com.br\/site\/afrofuturismo\/"},{"@type":"ListItem","position":3,"name":"Acervo ZUMVI"}]},{"@type":"WebSite","@id":"https:\/\/quaritere.com.br\/site\/#website","url":"https:\/\/quaritere.com.br\/site\/","name":"Aquilombamento Audiovisual Quariter\u00ea","description":"Site Oficial","potentialAction":[{"@type":"SearchAction","target":{"@type":"EntryPoint","urlTemplate":"https:\/\/quaritere.com.br\/site\/?s={search_term_string}"},"query-input":{"@type":"PropertyValueSpecification","valueRequired":true,"valueName":"search_term_string"}}],"inLanguage":"pt-BR"}]}},"_links":{"self":[{"href":"https:\/\/quaritere.com.br\/site\/wp-json\/wp\/v2\/pages\/967","targetHints":{"allow":["GET"]}}],"collection":[{"href":"https:\/\/quaritere.com.br\/site\/wp-json\/wp\/v2\/pages"}],"about":[{"href":"https:\/\/quaritere.com.br\/site\/wp-json\/wp\/v2\/types\/page"}],"author":[{"embeddable":true,"href":"https:\/\/quaritere.com.br\/site\/wp-json\/wp\/v2\/users\/1"}],"replies":[{"embeddable":true,"href":"https:\/\/quaritere.com.br\/site\/wp-json\/wp\/v2\/comments?post=967"}],"version-history":[{"count":1,"href":"https:\/\/quaritere.com.br\/site\/wp-json\/wp\/v2\/pages\/967\/revisions"}],"predecessor-version":[{"id":968,"href":"https:\/\/quaritere.com.br\/site\/wp-json\/wp\/v2\/pages\/967\/revisions\/968"}],"up":[{"embeddable":true,"href":"https:\/\/quaritere.com.br\/site\/wp-json\/wp\/v2\/pages\/950"}],"wp:featuredmedia":[{"embeddable":true,"href":"https:\/\/quaritere.com.br\/site\/wp-json\/wp\/v2\/media\/916"}],"wp:attachment":[{"href":"https:\/\/quaritere.com.br\/site\/wp-json\/wp\/v2\/media?parent=967"}],"curies":[{"name":"wp","href":"https:\/\/api.w.org\/{rel}","templated":true}]}}