{"id":960,"date":"2022-03-14T19:35:14","date_gmt":"2022-03-14T22:35:14","guid":{"rendered":"https:\/\/quaritere.com.br\/site\/?page_id=960"},"modified":"2022-03-14T19:35:14","modified_gmt":"2022-03-14T22:35:14","slug":"5-fitas","status":"publish","type":"page","link":"https:\/\/quaritere.com.br\/site\/afrofuturismo\/5-fitas\/","title":{"rendered":"5 Fitas"},"content":{"rendered":"<div class=\"wpb-content-wrapper\"><p>[vc_row][vc_column width=&#8221;2\/3&#8243;][vc_column_text]<\/p>\n<p style=\"text-align: left;\"><strong>Assista &#8220;5 Fitas&#8221; da Resist\u00eancia Negra \u2013 2\u00aa edi\u00e7\u00e3o \u2013 VI Mostra de Cinema Negro de Mato Grosso AFROFUTURISMO \u2013 Tecnologia da Resist\u00eancia:<\/strong><\/p>\n<p><iframe loading=\"lazy\" title=\"5 Fitas\" width=\"1100\" height=\"619\" src=\"https:\/\/www.youtube.com\/embed\/rd7YxJt_2ok?feature=oembed\" frameborder=\"0\" allow=\"accelerometer; autoplay; clipboard-write; encrypted-media; gyroscope; picture-in-picture\" allowfullscreen><\/iframe><\/p>\n<p><b>5 Fitas (BA, 2020). Dire\u00e7\u00e3o: Heraldo de Deus e Vilma Martins. 15 min.<\/b><\/p>\n<p><b>Fic\u00e7\u00e3o. Classifica\u00e7\u00e3o: Livre<\/b><\/p>\n<p><strong>Sinopse:<\/strong> Em Salvador, todo ano acontece a tradicional festa para Senhor do Bonfim, onde fi\u00e9is, turistas e foli\u00f5es, peregrinam at\u00e9 a famosa igreja para amarrar fitas e fazer pedidos. Os irm\u00e3os Pedro e Gabriel, ouvem desde cedo as hist\u00f3rias da av\u00f3 e decidem se aventurar sozinhos para fazer um pedido especial. L\u00e1 eles aprender sobre religiosidade, sincretismo e import\u00e2ncia da fam\u00edlia.[\/vc_column_text][\/vc_column][vc_column width=&#8221;1\/3&#8243;][vc_single_image image=&#8221;915&#8243; img_size=&#8221;&#8221; onclick=&#8221;img_link_large&#8221; img_link_target=&#8221;_blank&#8221;][vc_empty_space height=&#8221;20px&#8221;][\/vc_column][\/vc_row][vc_row][vc_column][vc_empty_space][vc_single_image image=&#8221;946&#8243; img_size=&#8221;600&#215;133&#8243; alignment=&#8221;center&#8221;][\/vc_column][\/vc_row]<\/p>\n<\/div>","protected":false},"excerpt":{"rendered":"<p>[vc_row][vc_column width=&#8221;2\/3&#8243;][vc_column_text] Assista &#8220;5 Fitas&#8221; da Resist\u00eancia Negra \u2013 2\u00aa edi\u00e7\u00e3o \u2013 VI Mostra de Cinema Negro de Mato Grosso AFROFUTURISMO \u2013 Tecnologia da Resist\u00eancia: 5 Fitas (BA, 2020). Dire\u00e7\u00e3o: Heraldo de Deus e Vilma Martins. 15 min. Fic\u00e7\u00e3o. Classifica\u00e7\u00e3o: [&hellip;]<\/p>\n","protected":false},"author":1,"featured_media":915,"parent":950,"menu_order":0,"comment_status":"closed","ping_status":"closed","template":"","meta":{"footnotes":""},"class_list":["post-960","page","type-page","status-publish","has-post-thumbnail","hentry"],"yoast_head":"<!-- This site is optimized with the Yoast SEO plugin v26.9 - https:\/\/yoast.com\/product\/yoast-seo-wordpress\/ -->\n<title>5 Fitas - Aquilombamento Audiovisual Quariter\u00ea<\/title>\n<meta name=\"robots\" content=\"index, follow, max-snippet:-1, max-image-preview:large, max-video-preview:-1\" \/>\n<link rel=\"canonical\" href=\"https:\/\/quaritere.com.br\/site\/afrofuturismo\/5-fitas\/\" \/>\n<meta property=\"og:locale\" content=\"pt_BR\" \/>\n<meta property=\"og:type\" content=\"article\" \/>\n<meta property=\"og:title\" content=\"5 Fitas - Aquilombamento Audiovisual Quariter\u00ea\" \/>\n<meta property=\"og:description\" content=\"[vc_row][vc_column width=&#8221;2\/3&#8243;][vc_column_text] Assista &#8220;5 Fitas&#8221; da Resist\u00eancia Negra \u2013 2\u00aa edi\u00e7\u00e3o \u2013 VI Mostra de Cinema Negro de Mato Grosso AFROFUTURISMO \u2013 Tecnologia da Resist\u00eancia: 5 Fitas (BA, 2020). Dire\u00e7\u00e3o: Heraldo de Deus e Vilma Martins. 15 min. Fic\u00e7\u00e3o. Classifica\u00e7\u00e3o: [&hellip;]\" \/>\n<meta property=\"og:url\" content=\"https:\/\/quaritere.com.br\/site\/afrofuturismo\/5-fitas\/\" \/>\n<meta property=\"og:site_name\" content=\"Aquilombamento Audiovisual Quariter\u00ea\" \/>\n<meta property=\"og:image\" content=\"https:\/\/quaritere.com.br\/site\/wp-content\/uploads\/2022\/03\/cartaz_5-fitas-scaled.jpg\" \/>\n\t<meta property=\"og:image:width\" content=\"2560\" \/>\n\t<meta property=\"og:image:height\" content=\"1707\" \/>\n\t<meta property=\"og:image:type\" content=\"image\/jpeg\" \/>\n<meta name=\"twitter:card\" content=\"summary_large_image\" \/>\n<meta name=\"twitter:label1\" content=\"Est. tempo de leitura\" \/>\n\t<meta name=\"twitter:data1\" content=\"1 minuto\" \/>\n<script type=\"application\/ld+json\" class=\"yoast-schema-graph\">{\"@context\":\"https:\/\/schema.org\",\"@graph\":[{\"@type\":\"WebPage\",\"@id\":\"https:\/\/quaritere.com.br\/site\/afrofuturismo\/5-fitas\/\",\"url\":\"https:\/\/quaritere.com.br\/site\/afrofuturismo\/5-fitas\/\",\"name\":\"5 Fitas - Aquilombamento Audiovisual Quariter\u00ea\",\"isPartOf\":{\"@id\":\"https:\/\/quaritere.com.br\/site\/#website\"},\"primaryImageOfPage\":{\"@id\":\"https:\/\/quaritere.com.br\/site\/afrofuturismo\/5-fitas\/#primaryimage\"},\"image\":{\"@id\":\"https:\/\/quaritere.com.br\/site\/afrofuturismo\/5-fitas\/#primaryimage\"},\"thumbnailUrl\":\"https:\/\/quaritere.com.br\/site\/wp-content\/uploads\/2022\/03\/cartaz_5-fitas-scaled.jpg\",\"datePublished\":\"2022-03-14T22:35:14+00:00\",\"breadcrumb\":{\"@id\":\"https:\/\/quaritere.com.br\/site\/afrofuturismo\/5-fitas\/#breadcrumb\"},\"inLanguage\":\"pt-BR\",\"potentialAction\":[{\"@type\":\"ReadAction\",\"target\":[\"https:\/\/quaritere.com.br\/site\/afrofuturismo\/5-fitas\/\"]}]},{\"@type\":\"ImageObject\",\"inLanguage\":\"pt-BR\",\"@id\":\"https:\/\/quaritere.com.br\/site\/afrofuturismo\/5-fitas\/#primaryimage\",\"url\":\"https:\/\/quaritere.com.br\/site\/wp-content\/uploads\/2022\/03\/cartaz_5-fitas-scaled.jpg\",\"contentUrl\":\"https:\/\/quaritere.com.br\/site\/wp-content\/uploads\/2022\/03\/cartaz_5-fitas-scaled.jpg\",\"width\":2560,\"height\":1707},{\"@type\":\"BreadcrumbList\",\"@id\":\"https:\/\/quaritere.com.br\/site\/afrofuturismo\/5-fitas\/#breadcrumb\",\"itemListElement\":[{\"@type\":\"ListItem\",\"position\":1,\"name\":\"In\u00edcio\",\"item\":\"https:\/\/quaritere.com.br\/site\/\"},{\"@type\":\"ListItem\",\"position\":2,\"name\":\"6\u00ba Mostra do Cinema Negro &#8220;Afrofuturismo&#8221;\",\"item\":\"https:\/\/quaritere.com.br\/site\/afrofuturismo\/\"},{\"@type\":\"ListItem\",\"position\":3,\"name\":\"5 Fitas\"}]},{\"@type\":\"WebSite\",\"@id\":\"https:\/\/quaritere.com.br\/site\/#website\",\"url\":\"https:\/\/quaritere.com.br\/site\/\",\"name\":\"Aquilombamento Audiovisual Quariter\u00ea\",\"description\":\"Site Oficial\",\"potentialAction\":[{\"@type\":\"SearchAction\",\"target\":{\"@type\":\"EntryPoint\",\"urlTemplate\":\"https:\/\/quaritere.com.br\/site\/?s={search_term_string}\"},\"query-input\":{\"@type\":\"PropertyValueSpecification\",\"valueRequired\":true,\"valueName\":\"search_term_string\"}}],\"inLanguage\":\"pt-BR\"}]}<\/script>\n<!-- \/ Yoast SEO plugin. -->","yoast_head_json":{"title":"5 Fitas - Aquilombamento Audiovisual Quariter\u00ea","robots":{"index":"index","follow":"follow","max-snippet":"max-snippet:-1","max-image-preview":"max-image-preview:large","max-video-preview":"max-video-preview:-1"},"canonical":"https:\/\/quaritere.com.br\/site\/afrofuturismo\/5-fitas\/","og_locale":"pt_BR","og_type":"article","og_title":"5 Fitas - Aquilombamento Audiovisual Quariter\u00ea","og_description":"[vc_row][vc_column width=&#8221;2\/3&#8243;][vc_column_text] Assista &#8220;5 Fitas&#8221; da Resist\u00eancia Negra \u2013 2\u00aa edi\u00e7\u00e3o \u2013 VI Mostra de Cinema Negro de Mato Grosso AFROFUTURISMO \u2013 Tecnologia da Resist\u00eancia: 5 Fitas (BA, 2020). Dire\u00e7\u00e3o: Heraldo de Deus e Vilma Martins. 15 min. Fic\u00e7\u00e3o. Classifica\u00e7\u00e3o: [&hellip;]","og_url":"https:\/\/quaritere.com.br\/site\/afrofuturismo\/5-fitas\/","og_site_name":"Aquilombamento Audiovisual Quariter\u00ea","og_image":[{"width":2560,"height":1707,"url":"https:\/\/quaritere.com.br\/site\/wp-content\/uploads\/2022\/03\/cartaz_5-fitas-scaled.jpg","type":"image\/jpeg"}],"twitter_card":"summary_large_image","twitter_misc":{"Est. tempo de leitura":"1 minuto"},"schema":{"@context":"https:\/\/schema.org","@graph":[{"@type":"WebPage","@id":"https:\/\/quaritere.com.br\/site\/afrofuturismo\/5-fitas\/","url":"https:\/\/quaritere.com.br\/site\/afrofuturismo\/5-fitas\/","name":"5 Fitas - Aquilombamento Audiovisual Quariter\u00ea","isPartOf":{"@id":"https:\/\/quaritere.com.br\/site\/#website"},"primaryImageOfPage":{"@id":"https:\/\/quaritere.com.br\/site\/afrofuturismo\/5-fitas\/#primaryimage"},"image":{"@id":"https:\/\/quaritere.com.br\/site\/afrofuturismo\/5-fitas\/#primaryimage"},"thumbnailUrl":"https:\/\/quaritere.com.br\/site\/wp-content\/uploads\/2022\/03\/cartaz_5-fitas-scaled.jpg","datePublished":"2022-03-14T22:35:14+00:00","breadcrumb":{"@id":"https:\/\/quaritere.com.br\/site\/afrofuturismo\/5-fitas\/#breadcrumb"},"inLanguage":"pt-BR","potentialAction":[{"@type":"ReadAction","target":["https:\/\/quaritere.com.br\/site\/afrofuturismo\/5-fitas\/"]}]},{"@type":"ImageObject","inLanguage":"pt-BR","@id":"https:\/\/quaritere.com.br\/site\/afrofuturismo\/5-fitas\/#primaryimage","url":"https:\/\/quaritere.com.br\/site\/wp-content\/uploads\/2022\/03\/cartaz_5-fitas-scaled.jpg","contentUrl":"https:\/\/quaritere.com.br\/site\/wp-content\/uploads\/2022\/03\/cartaz_5-fitas-scaled.jpg","width":2560,"height":1707},{"@type":"BreadcrumbList","@id":"https:\/\/quaritere.com.br\/site\/afrofuturismo\/5-fitas\/#breadcrumb","itemListElement":[{"@type":"ListItem","position":1,"name":"In\u00edcio","item":"https:\/\/quaritere.com.br\/site\/"},{"@type":"ListItem","position":2,"name":"6\u00ba Mostra do Cinema Negro &#8220;Afrofuturismo&#8221;","item":"https:\/\/quaritere.com.br\/site\/afrofuturismo\/"},{"@type":"ListItem","position":3,"name":"5 Fitas"}]},{"@type":"WebSite","@id":"https:\/\/quaritere.com.br\/site\/#website","url":"https:\/\/quaritere.com.br\/site\/","name":"Aquilombamento Audiovisual Quariter\u00ea","description":"Site Oficial","potentialAction":[{"@type":"SearchAction","target":{"@type":"EntryPoint","urlTemplate":"https:\/\/quaritere.com.br\/site\/?s={search_term_string}"},"query-input":{"@type":"PropertyValueSpecification","valueRequired":true,"valueName":"search_term_string"}}],"inLanguage":"pt-BR"}]}},"_links":{"self":[{"href":"https:\/\/quaritere.com.br\/site\/wp-json\/wp\/v2\/pages\/960","targetHints":{"allow":["GET"]}}],"collection":[{"href":"https:\/\/quaritere.com.br\/site\/wp-json\/wp\/v2\/pages"}],"about":[{"href":"https:\/\/quaritere.com.br\/site\/wp-json\/wp\/v2\/types\/page"}],"author":[{"embeddable":true,"href":"https:\/\/quaritere.com.br\/site\/wp-json\/wp\/v2\/users\/1"}],"replies":[{"embeddable":true,"href":"https:\/\/quaritere.com.br\/site\/wp-json\/wp\/v2\/comments?post=960"}],"version-history":[{"count":1,"href":"https:\/\/quaritere.com.br\/site\/wp-json\/wp\/v2\/pages\/960\/revisions"}],"predecessor-version":[{"id":961,"href":"https:\/\/quaritere.com.br\/site\/wp-json\/wp\/v2\/pages\/960\/revisions\/961"}],"up":[{"embeddable":true,"href":"https:\/\/quaritere.com.br\/site\/wp-json\/wp\/v2\/pages\/950"}],"wp:featuredmedia":[{"embeddable":true,"href":"https:\/\/quaritere.com.br\/site\/wp-json\/wp\/v2\/media\/915"}],"wp:attachment":[{"href":"https:\/\/quaritere.com.br\/site\/wp-json\/wp\/v2\/media?parent=960"}],"curies":[{"name":"wp","href":"https:\/\/api.w.org\/{rel}","templated":true}]}}