{"id":866,"date":"2021-03-16T14:38:42","date_gmt":"2021-03-16T17:38:42","guid":{"rendered":"https:\/\/quaritere.com.br\/site2021\/?page_id=866"},"modified":"2021-03-16T14:38:42","modified_gmt":"2021-03-16T17:38:42","slug":"atlantico-negro-na-rota-dos-orixas","status":"publish","type":"page","link":"https:\/\/quaritere.com.br\/site\/afrocine\/atlantico-negro-na-rota-dos-orixas\/","title":{"rendered":"Atl\u00e2ntico Negro na Rota dos Orix\u00e1s"},"content":{"rendered":"<div class=\"wpb-content-wrapper\"><p>[vc_row][vc_column width=&#8221;2\/3&#8243;][vc_column_text]<\/p>\n<p style=\"text-align: left;\"><strong>Assista ao filme &#8220;Atl\u00e2ntico Negro na Rota dos Orix\u00e1s&#8221; da Sess\u00e3o Afrocine 2021:<\/strong><\/p>\n<p><iframe loading=\"lazy\" title=\"8 - Atl\u00e2ntico Negro na Rota dos Orix\u00e1s\" width=\"1100\" height=\"825\" src=\"https:\/\/www.youtube.com\/embed\/DpNrBZ6J0JQ?feature=oembed\" frameborder=\"0\" allow=\"accelerometer; autoplay; clipboard-write; encrypted-media; gyroscope; picture-in-picture\" allowfullscreen><\/iframe><\/p>\n<p><strong>Atl\u00e2ntico Negro Na Rota dos Orix\u00e1s <\/strong><br \/>\nDire\u00e7\u00e3o de Renato Barbieri.<br \/>\nDocument\u00e1rio, 1998, 53 min.<\/p>\n<p><strong>Sinopse:<\/strong> Filmado no Maranh\u00e3o, Bahia e Benin, o document\u00e1rio faz uma viagem no espa\u00e7o e no tempo em busca das origens africanas da cultura brasileira partindo das mais antigas tradi\u00e7\u00f5es religiosas afro-brasileiras: o candombl\u00e9 e o tambor de Mina.[\/vc_column_text][\/vc_column][vc_column width=&#8221;1\/3&#8243;][vc_single_image image=&#8221;820&#8243; img_size=&#8221;&#8221; onclick=&#8221;img_link_large&#8221; img_link_target=&#8221;_blank&#8221;][vc_empty_space height=&#8221;20px&#8221;][vc_single_image image=&#8221;868&#8243; img_size=&#8221;&#8221; onclick=&#8221;img_link_large&#8221; img_link_target=&#8221;_blank&#8221;][\/vc_column][\/vc_row][vc_row][vc_column][vc_empty_space][vc_single_image image=&#8221;769&#8243; img_size=&#8221;900&#215;139&#8243; alignment=&#8221;center&#8221;][\/vc_column][\/vc_row]<\/p>\n<\/div>","protected":false},"excerpt":{"rendered":"<p>[vc_row][vc_column width=&#8221;2\/3&#8243;][vc_column_text] Assista ao filme &#8220;Atl\u00e2ntico Negro na Rota dos Orix\u00e1s&#8221; da Sess\u00e3o Afrocine 2021: Atl\u00e2ntico Negro Na Rota dos Orix\u00e1s Dire\u00e7\u00e3o de Renato Barbieri. Document\u00e1rio, 1998, 53 min. Sinopse: Filmado no Maranh\u00e3o, Bahia e Benin, o document\u00e1rio faz uma [&hellip;]<\/p>\n","protected":false},"author":1,"featured_media":820,"parent":744,"menu_order":0,"comment_status":"closed","ping_status":"closed","template":"","meta":{"footnotes":""},"class_list":["post-866","page","type-page","status-publish","has-post-thumbnail","hentry"],"yoast_head":"<!-- This site is optimized with the Yoast SEO plugin v26.9 - https:\/\/yoast.com\/product\/yoast-seo-wordpress\/ -->\n<title>Atl\u00e2ntico Negro na Rota dos Orix\u00e1s - Aquilombamento Audiovisual Quariter\u00ea<\/title>\n<meta name=\"robots\" content=\"index, follow, max-snippet:-1, max-image-preview:large, max-video-preview:-1\" \/>\n<link rel=\"canonical\" href=\"https:\/\/quaritere.com.br\/site\/afrocine\/atlantico-negro-na-rota-dos-orixas\/\" \/>\n<meta property=\"og:locale\" content=\"pt_BR\" \/>\n<meta property=\"og:type\" content=\"article\" \/>\n<meta property=\"og:title\" content=\"Atl\u00e2ntico Negro na Rota dos Orix\u00e1s - Aquilombamento Audiovisual Quariter\u00ea\" \/>\n<meta property=\"og:description\" content=\"[vc_row][vc_column width=&#8221;2\/3&#8243;][vc_column_text] Assista ao filme &#8220;Atl\u00e2ntico Negro na Rota dos Orix\u00e1s&#8221; da Sess\u00e3o Afrocine 2021: Atl\u00e2ntico Negro Na Rota dos Orix\u00e1s Dire\u00e7\u00e3o de Renato Barbieri. Document\u00e1rio, 1998, 53 min. Sinopse: Filmado no Maranh\u00e3o, Bahia e Benin, o document\u00e1rio faz uma [&hellip;]\" \/>\n<meta property=\"og:url\" content=\"https:\/\/quaritere.com.br\/site\/afrocine\/atlantico-negro-na-rota-dos-orixas\/\" \/>\n<meta property=\"og:site_name\" content=\"Aquilombamento Audiovisual Quariter\u00ea\" \/>\n<meta property=\"og:image\" content=\"https:\/\/quaritere.com.br\/site\/wp-content\/uploads\/2021\/03\/Filme-Sessao-Afrocine-Quaritere-Atlantico-Negro-Na-Rota-dos-Orixas.jpeg\" \/>\n\t<meta property=\"og:image:width\" content=\"1080\" \/>\n\t<meta property=\"og:image:height\" content=\"1080\" \/>\n\t<meta property=\"og:image:type\" content=\"image\/jpeg\" \/>\n<meta name=\"twitter:card\" content=\"summary_large_image\" \/>\n<meta name=\"twitter:label1\" content=\"Est. tempo de leitura\" \/>\n\t<meta name=\"twitter:data1\" content=\"1 minuto\" \/>\n<script type=\"application\/ld+json\" class=\"yoast-schema-graph\">{\"@context\":\"https:\/\/schema.org\",\"@graph\":[{\"@type\":\"WebPage\",\"@id\":\"https:\/\/quaritere.com.br\/site\/afrocine\/atlantico-negro-na-rota-dos-orixas\/\",\"url\":\"https:\/\/quaritere.com.br\/site\/afrocine\/atlantico-negro-na-rota-dos-orixas\/\",\"name\":\"Atl\u00e2ntico Negro na Rota dos Orix\u00e1s - Aquilombamento Audiovisual Quariter\u00ea\",\"isPartOf\":{\"@id\":\"https:\/\/quaritere.com.br\/site\/#website\"},\"primaryImageOfPage\":{\"@id\":\"https:\/\/quaritere.com.br\/site\/afrocine\/atlantico-negro-na-rota-dos-orixas\/#primaryimage\"},\"image\":{\"@id\":\"https:\/\/quaritere.com.br\/site\/afrocine\/atlantico-negro-na-rota-dos-orixas\/#primaryimage\"},\"thumbnailUrl\":\"https:\/\/quaritere.com.br\/site\/wp-content\/uploads\/2021\/03\/Filme-Sessao-Afrocine-Quaritere-Atlantico-Negro-Na-Rota-dos-Orixas.jpeg\",\"datePublished\":\"2021-03-16T17:38:42+00:00\",\"breadcrumb\":{\"@id\":\"https:\/\/quaritere.com.br\/site\/afrocine\/atlantico-negro-na-rota-dos-orixas\/#breadcrumb\"},\"inLanguage\":\"pt-BR\",\"potentialAction\":[{\"@type\":\"ReadAction\",\"target\":[\"https:\/\/quaritere.com.br\/site\/afrocine\/atlantico-negro-na-rota-dos-orixas\/\"]}]},{\"@type\":\"ImageObject\",\"inLanguage\":\"pt-BR\",\"@id\":\"https:\/\/quaritere.com.br\/site\/afrocine\/atlantico-negro-na-rota-dos-orixas\/#primaryimage\",\"url\":\"https:\/\/quaritere.com.br\/site\/wp-content\/uploads\/2021\/03\/Filme-Sessao-Afrocine-Quaritere-Atlantico-Negro-Na-Rota-dos-Orixas.jpeg\",\"contentUrl\":\"https:\/\/quaritere.com.br\/site\/wp-content\/uploads\/2021\/03\/Filme-Sessao-Afrocine-Quaritere-Atlantico-Negro-Na-Rota-dos-Orixas.jpeg\",\"width\":1080,\"height\":1080},{\"@type\":\"BreadcrumbList\",\"@id\":\"https:\/\/quaritere.com.br\/site\/afrocine\/atlantico-negro-na-rota-dos-orixas\/#breadcrumb\",\"itemListElement\":[{\"@type\":\"ListItem\",\"position\":1,\"name\":\"In\u00edcio\",\"item\":\"https:\/\/quaritere.com.br\/site\/\"},{\"@type\":\"ListItem\",\"position\":2,\"name\":\"Sess\u00e3o Afrocine\",\"item\":\"https:\/\/quaritere.com.br\/site\/afrocine\/\"},{\"@type\":\"ListItem\",\"position\":3,\"name\":\"Atl\u00e2ntico Negro na Rota dos Orix\u00e1s\"}]},{\"@type\":\"WebSite\",\"@id\":\"https:\/\/quaritere.com.br\/site\/#website\",\"url\":\"https:\/\/quaritere.com.br\/site\/\",\"name\":\"Aquilombamento Audiovisual Quariter\u00ea\",\"description\":\"Site Oficial\",\"potentialAction\":[{\"@type\":\"SearchAction\",\"target\":{\"@type\":\"EntryPoint\",\"urlTemplate\":\"https:\/\/quaritere.com.br\/site\/?s={search_term_string}\"},\"query-input\":{\"@type\":\"PropertyValueSpecification\",\"valueRequired\":true,\"valueName\":\"search_term_string\"}}],\"inLanguage\":\"pt-BR\"}]}<\/script>\n<!-- \/ Yoast SEO plugin. -->","yoast_head_json":{"title":"Atl\u00e2ntico Negro na Rota dos Orix\u00e1s - Aquilombamento Audiovisual Quariter\u00ea","robots":{"index":"index","follow":"follow","max-snippet":"max-snippet:-1","max-image-preview":"max-image-preview:large","max-video-preview":"max-video-preview:-1"},"canonical":"https:\/\/quaritere.com.br\/site\/afrocine\/atlantico-negro-na-rota-dos-orixas\/","og_locale":"pt_BR","og_type":"article","og_title":"Atl\u00e2ntico Negro na Rota dos Orix\u00e1s - Aquilombamento Audiovisual Quariter\u00ea","og_description":"[vc_row][vc_column width=&#8221;2\/3&#8243;][vc_column_text] Assista ao filme &#8220;Atl\u00e2ntico Negro na Rota dos Orix\u00e1s&#8221; da Sess\u00e3o Afrocine 2021: Atl\u00e2ntico Negro Na Rota dos Orix\u00e1s Dire\u00e7\u00e3o de Renato Barbieri. Document\u00e1rio, 1998, 53 min. Sinopse: Filmado no Maranh\u00e3o, Bahia e Benin, o document\u00e1rio faz uma [&hellip;]","og_url":"https:\/\/quaritere.com.br\/site\/afrocine\/atlantico-negro-na-rota-dos-orixas\/","og_site_name":"Aquilombamento Audiovisual Quariter\u00ea","og_image":[{"width":1080,"height":1080,"url":"https:\/\/quaritere.com.br\/site\/wp-content\/uploads\/2021\/03\/Filme-Sessao-Afrocine-Quaritere-Atlantico-Negro-Na-Rota-dos-Orixas.jpeg","type":"image\/jpeg"}],"twitter_card":"summary_large_image","twitter_misc":{"Est. tempo de leitura":"1 minuto"},"schema":{"@context":"https:\/\/schema.org","@graph":[{"@type":"WebPage","@id":"https:\/\/quaritere.com.br\/site\/afrocine\/atlantico-negro-na-rota-dos-orixas\/","url":"https:\/\/quaritere.com.br\/site\/afrocine\/atlantico-negro-na-rota-dos-orixas\/","name":"Atl\u00e2ntico Negro na Rota dos Orix\u00e1s - Aquilombamento Audiovisual Quariter\u00ea","isPartOf":{"@id":"https:\/\/quaritere.com.br\/site\/#website"},"primaryImageOfPage":{"@id":"https:\/\/quaritere.com.br\/site\/afrocine\/atlantico-negro-na-rota-dos-orixas\/#primaryimage"},"image":{"@id":"https:\/\/quaritere.com.br\/site\/afrocine\/atlantico-negro-na-rota-dos-orixas\/#primaryimage"},"thumbnailUrl":"https:\/\/quaritere.com.br\/site\/wp-content\/uploads\/2021\/03\/Filme-Sessao-Afrocine-Quaritere-Atlantico-Negro-Na-Rota-dos-Orixas.jpeg","datePublished":"2021-03-16T17:38:42+00:00","breadcrumb":{"@id":"https:\/\/quaritere.com.br\/site\/afrocine\/atlantico-negro-na-rota-dos-orixas\/#breadcrumb"},"inLanguage":"pt-BR","potentialAction":[{"@type":"ReadAction","target":["https:\/\/quaritere.com.br\/site\/afrocine\/atlantico-negro-na-rota-dos-orixas\/"]}]},{"@type":"ImageObject","inLanguage":"pt-BR","@id":"https:\/\/quaritere.com.br\/site\/afrocine\/atlantico-negro-na-rota-dos-orixas\/#primaryimage","url":"https:\/\/quaritere.com.br\/site\/wp-content\/uploads\/2021\/03\/Filme-Sessao-Afrocine-Quaritere-Atlantico-Negro-Na-Rota-dos-Orixas.jpeg","contentUrl":"https:\/\/quaritere.com.br\/site\/wp-content\/uploads\/2021\/03\/Filme-Sessao-Afrocine-Quaritere-Atlantico-Negro-Na-Rota-dos-Orixas.jpeg","width":1080,"height":1080},{"@type":"BreadcrumbList","@id":"https:\/\/quaritere.com.br\/site\/afrocine\/atlantico-negro-na-rota-dos-orixas\/#breadcrumb","itemListElement":[{"@type":"ListItem","position":1,"name":"In\u00edcio","item":"https:\/\/quaritere.com.br\/site\/"},{"@type":"ListItem","position":2,"name":"Sess\u00e3o Afrocine","item":"https:\/\/quaritere.com.br\/site\/afrocine\/"},{"@type":"ListItem","position":3,"name":"Atl\u00e2ntico Negro na Rota dos Orix\u00e1s"}]},{"@type":"WebSite","@id":"https:\/\/quaritere.com.br\/site\/#website","url":"https:\/\/quaritere.com.br\/site\/","name":"Aquilombamento Audiovisual Quariter\u00ea","description":"Site Oficial","potentialAction":[{"@type":"SearchAction","target":{"@type":"EntryPoint","urlTemplate":"https:\/\/quaritere.com.br\/site\/?s={search_term_string}"},"query-input":{"@type":"PropertyValueSpecification","valueRequired":true,"valueName":"search_term_string"}}],"inLanguage":"pt-BR"}]}},"_links":{"self":[{"href":"https:\/\/quaritere.com.br\/site\/wp-json\/wp\/v2\/pages\/866","targetHints":{"allow":["GET"]}}],"collection":[{"href":"https:\/\/quaritere.com.br\/site\/wp-json\/wp\/v2\/pages"}],"about":[{"href":"https:\/\/quaritere.com.br\/site\/wp-json\/wp\/v2\/types\/page"}],"author":[{"embeddable":true,"href":"https:\/\/quaritere.com.br\/site\/wp-json\/wp\/v2\/users\/1"}],"replies":[{"embeddable":true,"href":"https:\/\/quaritere.com.br\/site\/wp-json\/wp\/v2\/comments?post=866"}],"version-history":[{"count":1,"href":"https:\/\/quaritere.com.br\/site\/wp-json\/wp\/v2\/pages\/866\/revisions"}],"predecessor-version":[{"id":869,"href":"https:\/\/quaritere.com.br\/site\/wp-json\/wp\/v2\/pages\/866\/revisions\/869"}],"up":[{"embeddable":true,"href":"https:\/\/quaritere.com.br\/site\/wp-json\/wp\/v2\/pages\/744"}],"wp:featuredmedia":[{"embeddable":true,"href":"https:\/\/quaritere.com.br\/site\/wp-json\/wp\/v2\/media\/820"}],"wp:attachment":[{"href":"https:\/\/quaritere.com.br\/site\/wp-json\/wp\/v2\/media?parent=866"}],"curies":[{"name":"wp","href":"https:\/\/api.w.org\/{rel}","templated":true}]}}