{"id":856,"date":"2021-03-16T14:27:00","date_gmt":"2021-03-16T17:27:00","guid":{"rendered":"https:\/\/quaritere.com.br\/site2021\/?page_id=856"},"modified":"2021-03-16T14:27:00","modified_gmt":"2021-03-16T17:27:00","slug":"rainha","status":"publish","type":"page","link":"https:\/\/quaritere.com.br\/site\/afrocine\/rainha\/","title":{"rendered":"Rainha"},"content":{"rendered":"<div class=\"wpb-content-wrapper\"><p>[vc_row][vc_column width=&#8221;2\/3&#8243;][vc_column_text]<\/p>\n<p style=\"text-align: left;\"><strong>Assista ao filme &#8220;Rainha&#8221; da Sess\u00e3o Afrocine 2021:<\/strong><\/p>\n<p><iframe loading=\"lazy\" title=\"5 - Rainha\" width=\"1100\" height=\"619\" src=\"https:\/\/www.youtube.com\/embed\/v4qzEusQlYo?feature=oembed\" frameborder=\"0\" allow=\"accelerometer; autoplay; clipboard-write; encrypted-media; gyroscope; picture-in-picture\" allowfullscreen><\/iframe><\/p>\n<p><strong>Rainha<\/strong><br \/>\nDire\u00e7\u00e3o de Sabrina Fidalgo.<br \/>\nDocument\u00e1rio, 2016, 31 min.<\/p>\n<p><strong>Sinopse:<\/strong> Rita finalmente realiza o sonho de se tornar a rainha de bateira da escola de samba de sua comunidade; por\u00e9m ela ter\u00e1 que lutar contra for\u00e7as obscuras, internas e externas.[\/vc_column_text][\/vc_column][vc_column width=&#8221;1\/3&#8243;][vc_single_image image=&#8221;812&#8243; img_size=&#8221;&#8221; onclick=&#8221;img_link_large&#8221; img_link_target=&#8221;_blank&#8221;][vc_empty_space height=&#8221;20px&#8221;][vc_single_image image=&#8221;858&#8243; img_size=&#8221;&#8221; onclick=&#8221;img_link_large&#8221; img_link_target=&#8221;_blank&#8221;][\/vc_column][\/vc_row][vc_row][vc_column][vc_empty_space][vc_single_image image=&#8221;769&#8243; img_size=&#8221;900&#215;139&#8243; alignment=&#8221;center&#8221;][\/vc_column][\/vc_row]<\/p>\n<\/div>","protected":false},"excerpt":{"rendered":"<p>[vc_row][vc_column width=&#8221;2\/3&#8243;][vc_column_text] Assista ao filme &#8220;Rainha&#8221; da Sess\u00e3o Afrocine 2021: Rainha Dire\u00e7\u00e3o de Sabrina Fidalgo. Document\u00e1rio, 2016, 31 min. Sinopse: Rita finalmente realiza o sonho de se tornar a rainha de bateira da escola de samba de sua comunidade; por\u00e9m [&hellip;]<\/p>\n","protected":false},"author":1,"featured_media":812,"parent":744,"menu_order":0,"comment_status":"closed","ping_status":"closed","template":"","meta":{"footnotes":""},"class_list":["post-856","page","type-page","status-publish","has-post-thumbnail","hentry"],"yoast_head":"<!-- This site is optimized with the Yoast SEO plugin v26.9 - https:\/\/yoast.com\/product\/yoast-seo-wordpress\/ -->\n<title>Rainha - Aquilombamento Audiovisual Quariter\u00ea<\/title>\n<meta name=\"robots\" content=\"index, follow, max-snippet:-1, max-image-preview:large, max-video-preview:-1\" \/>\n<link rel=\"canonical\" href=\"https:\/\/quaritere.com.br\/site\/afrocine\/rainha\/\" \/>\n<meta property=\"og:locale\" content=\"pt_BR\" \/>\n<meta property=\"og:type\" content=\"article\" \/>\n<meta property=\"og:title\" content=\"Rainha - Aquilombamento Audiovisual Quariter\u00ea\" \/>\n<meta property=\"og:description\" content=\"[vc_row][vc_column width=&#8221;2\/3&#8243;][vc_column_text] Assista ao filme &#8220;Rainha&#8221; da Sess\u00e3o Afrocine 2021: Rainha Dire\u00e7\u00e3o de Sabrina Fidalgo. Document\u00e1rio, 2016, 31 min. Sinopse: Rita finalmente realiza o sonho de se tornar a rainha de bateira da escola de samba de sua comunidade; por\u00e9m [&hellip;]\" \/>\n<meta property=\"og:url\" content=\"https:\/\/quaritere.com.br\/site\/afrocine\/rainha\/\" \/>\n<meta property=\"og:site_name\" content=\"Aquilombamento Audiovisual Quariter\u00ea\" \/>\n<meta property=\"og:image\" content=\"https:\/\/quaritere.com.br\/site\/wp-content\/uploads\/2021\/03\/Filme-Sessao-Afrocine-Quaritere-Rainha.jpeg\" \/>\n\t<meta property=\"og:image:width\" content=\"1080\" \/>\n\t<meta property=\"og:image:height\" content=\"1080\" \/>\n\t<meta property=\"og:image:type\" content=\"image\/jpeg\" \/>\n<meta name=\"twitter:card\" content=\"summary_large_image\" \/>\n<meta name=\"twitter:label1\" content=\"Est. tempo de leitura\" \/>\n\t<meta name=\"twitter:data1\" content=\"1 minuto\" \/>\n<script type=\"application\/ld+json\" class=\"yoast-schema-graph\">{\"@context\":\"https:\/\/schema.org\",\"@graph\":[{\"@type\":\"WebPage\",\"@id\":\"https:\/\/quaritere.com.br\/site\/afrocine\/rainha\/\",\"url\":\"https:\/\/quaritere.com.br\/site\/afrocine\/rainha\/\",\"name\":\"Rainha - Aquilombamento Audiovisual Quariter\u00ea\",\"isPartOf\":{\"@id\":\"https:\/\/quaritere.com.br\/site\/#website\"},\"primaryImageOfPage\":{\"@id\":\"https:\/\/quaritere.com.br\/site\/afrocine\/rainha\/#primaryimage\"},\"image\":{\"@id\":\"https:\/\/quaritere.com.br\/site\/afrocine\/rainha\/#primaryimage\"},\"thumbnailUrl\":\"https:\/\/quaritere.com.br\/site\/wp-content\/uploads\/2021\/03\/Filme-Sessao-Afrocine-Quaritere-Rainha.jpeg\",\"datePublished\":\"2021-03-16T17:27:00+00:00\",\"breadcrumb\":{\"@id\":\"https:\/\/quaritere.com.br\/site\/afrocine\/rainha\/#breadcrumb\"},\"inLanguage\":\"pt-BR\",\"potentialAction\":[{\"@type\":\"ReadAction\",\"target\":[\"https:\/\/quaritere.com.br\/site\/afrocine\/rainha\/\"]}]},{\"@type\":\"ImageObject\",\"inLanguage\":\"pt-BR\",\"@id\":\"https:\/\/quaritere.com.br\/site\/afrocine\/rainha\/#primaryimage\",\"url\":\"https:\/\/quaritere.com.br\/site\/wp-content\/uploads\/2021\/03\/Filme-Sessao-Afrocine-Quaritere-Rainha.jpeg\",\"contentUrl\":\"https:\/\/quaritere.com.br\/site\/wp-content\/uploads\/2021\/03\/Filme-Sessao-Afrocine-Quaritere-Rainha.jpeg\",\"width\":1080,\"height\":1080},{\"@type\":\"BreadcrumbList\",\"@id\":\"https:\/\/quaritere.com.br\/site\/afrocine\/rainha\/#breadcrumb\",\"itemListElement\":[{\"@type\":\"ListItem\",\"position\":1,\"name\":\"In\u00edcio\",\"item\":\"https:\/\/quaritere.com.br\/site\/\"},{\"@type\":\"ListItem\",\"position\":2,\"name\":\"Sess\u00e3o Afrocine\",\"item\":\"https:\/\/quaritere.com.br\/site\/afrocine\/\"},{\"@type\":\"ListItem\",\"position\":3,\"name\":\"Rainha\"}]},{\"@type\":\"WebSite\",\"@id\":\"https:\/\/quaritere.com.br\/site\/#website\",\"url\":\"https:\/\/quaritere.com.br\/site\/\",\"name\":\"Aquilombamento Audiovisual Quariter\u00ea\",\"description\":\"Site Oficial\",\"potentialAction\":[{\"@type\":\"SearchAction\",\"target\":{\"@type\":\"EntryPoint\",\"urlTemplate\":\"https:\/\/quaritere.com.br\/site\/?s={search_term_string}\"},\"query-input\":{\"@type\":\"PropertyValueSpecification\",\"valueRequired\":true,\"valueName\":\"search_term_string\"}}],\"inLanguage\":\"pt-BR\"}]}<\/script>\n<!-- \/ Yoast SEO plugin. -->","yoast_head_json":{"title":"Rainha - Aquilombamento Audiovisual Quariter\u00ea","robots":{"index":"index","follow":"follow","max-snippet":"max-snippet:-1","max-image-preview":"max-image-preview:large","max-video-preview":"max-video-preview:-1"},"canonical":"https:\/\/quaritere.com.br\/site\/afrocine\/rainha\/","og_locale":"pt_BR","og_type":"article","og_title":"Rainha - Aquilombamento Audiovisual Quariter\u00ea","og_description":"[vc_row][vc_column width=&#8221;2\/3&#8243;][vc_column_text] Assista ao filme &#8220;Rainha&#8221; da Sess\u00e3o Afrocine 2021: Rainha Dire\u00e7\u00e3o de Sabrina Fidalgo. Document\u00e1rio, 2016, 31 min. Sinopse: Rita finalmente realiza o sonho de se tornar a rainha de bateira da escola de samba de sua comunidade; por\u00e9m [&hellip;]","og_url":"https:\/\/quaritere.com.br\/site\/afrocine\/rainha\/","og_site_name":"Aquilombamento Audiovisual Quariter\u00ea","og_image":[{"width":1080,"height":1080,"url":"https:\/\/quaritere.com.br\/site\/wp-content\/uploads\/2021\/03\/Filme-Sessao-Afrocine-Quaritere-Rainha.jpeg","type":"image\/jpeg"}],"twitter_card":"summary_large_image","twitter_misc":{"Est. tempo de leitura":"1 minuto"},"schema":{"@context":"https:\/\/schema.org","@graph":[{"@type":"WebPage","@id":"https:\/\/quaritere.com.br\/site\/afrocine\/rainha\/","url":"https:\/\/quaritere.com.br\/site\/afrocine\/rainha\/","name":"Rainha - Aquilombamento Audiovisual Quariter\u00ea","isPartOf":{"@id":"https:\/\/quaritere.com.br\/site\/#website"},"primaryImageOfPage":{"@id":"https:\/\/quaritere.com.br\/site\/afrocine\/rainha\/#primaryimage"},"image":{"@id":"https:\/\/quaritere.com.br\/site\/afrocine\/rainha\/#primaryimage"},"thumbnailUrl":"https:\/\/quaritere.com.br\/site\/wp-content\/uploads\/2021\/03\/Filme-Sessao-Afrocine-Quaritere-Rainha.jpeg","datePublished":"2021-03-16T17:27:00+00:00","breadcrumb":{"@id":"https:\/\/quaritere.com.br\/site\/afrocine\/rainha\/#breadcrumb"},"inLanguage":"pt-BR","potentialAction":[{"@type":"ReadAction","target":["https:\/\/quaritere.com.br\/site\/afrocine\/rainha\/"]}]},{"@type":"ImageObject","inLanguage":"pt-BR","@id":"https:\/\/quaritere.com.br\/site\/afrocine\/rainha\/#primaryimage","url":"https:\/\/quaritere.com.br\/site\/wp-content\/uploads\/2021\/03\/Filme-Sessao-Afrocine-Quaritere-Rainha.jpeg","contentUrl":"https:\/\/quaritere.com.br\/site\/wp-content\/uploads\/2021\/03\/Filme-Sessao-Afrocine-Quaritere-Rainha.jpeg","width":1080,"height":1080},{"@type":"BreadcrumbList","@id":"https:\/\/quaritere.com.br\/site\/afrocine\/rainha\/#breadcrumb","itemListElement":[{"@type":"ListItem","position":1,"name":"In\u00edcio","item":"https:\/\/quaritere.com.br\/site\/"},{"@type":"ListItem","position":2,"name":"Sess\u00e3o Afrocine","item":"https:\/\/quaritere.com.br\/site\/afrocine\/"},{"@type":"ListItem","position":3,"name":"Rainha"}]},{"@type":"WebSite","@id":"https:\/\/quaritere.com.br\/site\/#website","url":"https:\/\/quaritere.com.br\/site\/","name":"Aquilombamento Audiovisual Quariter\u00ea","description":"Site Oficial","potentialAction":[{"@type":"SearchAction","target":{"@type":"EntryPoint","urlTemplate":"https:\/\/quaritere.com.br\/site\/?s={search_term_string}"},"query-input":{"@type":"PropertyValueSpecification","valueRequired":true,"valueName":"search_term_string"}}],"inLanguage":"pt-BR"}]}},"_links":{"self":[{"href":"https:\/\/quaritere.com.br\/site\/wp-json\/wp\/v2\/pages\/856","targetHints":{"allow":["GET"]}}],"collection":[{"href":"https:\/\/quaritere.com.br\/site\/wp-json\/wp\/v2\/pages"}],"about":[{"href":"https:\/\/quaritere.com.br\/site\/wp-json\/wp\/v2\/types\/page"}],"author":[{"embeddable":true,"href":"https:\/\/quaritere.com.br\/site\/wp-json\/wp\/v2\/users\/1"}],"replies":[{"embeddable":true,"href":"https:\/\/quaritere.com.br\/site\/wp-json\/wp\/v2\/comments?post=856"}],"version-history":[{"count":1,"href":"https:\/\/quaritere.com.br\/site\/wp-json\/wp\/v2\/pages\/856\/revisions"}],"predecessor-version":[{"id":859,"href":"https:\/\/quaritere.com.br\/site\/wp-json\/wp\/v2\/pages\/856\/revisions\/859"}],"up":[{"embeddable":true,"href":"https:\/\/quaritere.com.br\/site\/wp-json\/wp\/v2\/pages\/744"}],"wp:featuredmedia":[{"embeddable":true,"href":"https:\/\/quaritere.com.br\/site\/wp-json\/wp\/v2\/media\/812"}],"wp:attachment":[{"href":"https:\/\/quaritere.com.br\/site\/wp-json\/wp\/v2\/media?parent=856"}],"curies":[{"name":"wp","href":"https:\/\/api.w.org\/{rel}","templated":true}]}}