{"id":842,"date":"2021-03-16T14:14:41","date_gmt":"2021-03-16T17:14:41","guid":{"rendered":"https:\/\/quaritere.com.br\/site2021\/?page_id=842"},"modified":"2021-03-17T21:08:12","modified_gmt":"2021-03-18T00:08:12","slug":"bale-de-pe-no-chao","status":"publish","type":"page","link":"https:\/\/quaritere.com.br\/site\/afrocine\/bale-de-pe-no-chao\/","title":{"rendered":"Bal\u00e9 de P\u00e9 no Ch\u00e3o"},"content":{"rendered":"<div class=\"wpb-content-wrapper\"><p>[vc_row][vc_column width=&#8221;2\/3&#8243;][vc_column_text]<\/p>\n<p style=\"text-align: left;\"><strong>Assista ao filme &#8220;Bal\u00e9 de P\u00e9 no Ch\u00e3o&#8221; da Sess\u00e3o Afrocine 2021:<\/strong><\/p>\n<p><iframe loading=\"lazy\" title=\"2 - BAL\u00c9 DE P\u00c9 NO CH\u00c3O\" width=\"1100\" height=\"825\" src=\"https:\/\/www.youtube.com\/embed\/PzytYoVjYTg?feature=oembed\" frameborder=\"0\" allow=\"accelerometer; autoplay; clipboard-write; encrypted-media; gyroscope; picture-in-picture\" allowfullscreen><\/iframe><\/p>\n<p><strong>Bal\u00e9 de P\u00e9 no Ch\u00e3o &#8211; A Dan\u00e7a Afro de Mercedes Baptista<\/strong><br \/>\nDire\u00e7\u00e3o de Lilian Sol\u00e1 Santiago e Mariana Monteiro<br \/>\nDocument\u00e1rio, 2005, 52 min.<\/p>\n<p><strong>Sinopse:<\/strong> O v\u00eddeo document\u00e1rio acompanha a singular trajet\u00f3ria da bailarina Mercedes Baptista, considerada a principal precursora da dan\u00e7a afro-brasileira.[\/vc_column_text][\/vc_column][vc_column width=&#8221;1\/3&#8243;][vc_single_image image=&#8221;805&#8243; img_size=&#8221;&#8221; onclick=&#8221;img_link_large&#8221; img_link_target=&#8221;_blank&#8221;][vc_empty_space height=&#8221;20px&#8221;][vc_single_image image=&#8221;847&#8243; img_size=&#8221;&#8221; onclick=&#8221;img_link_large&#8221; img_link_target=&#8221;_blank&#8221;][\/vc_column][\/vc_row][vc_row][vc_column][vc_empty_space][vc_single_image image=&#8221;769&#8243; img_size=&#8221;900&#215;139&#8243; alignment=&#8221;center&#8221;][\/vc_column][\/vc_row]<\/p>\n<\/div>","protected":false},"excerpt":{"rendered":"<p>[vc_row][vc_column width=&#8221;2\/3&#8243;][vc_column_text] Assista ao filme &#8220;Bal\u00e9 de P\u00e9 no Ch\u00e3o&#8221; da Sess\u00e3o Afrocine 2021: Bal\u00e9 de P\u00e9 no Ch\u00e3o &#8211; A Dan\u00e7a Afro de Mercedes Baptista Dire\u00e7\u00e3o de Lilian Sol\u00e1 Santiago e Mariana Monteiro Document\u00e1rio, 2005, 52 min. Sinopse: O [&hellip;]<\/p>\n","protected":false},"author":1,"featured_media":805,"parent":744,"menu_order":0,"comment_status":"closed","ping_status":"closed","template":"","meta":{"footnotes":""},"class_list":["post-842","page","type-page","status-publish","has-post-thumbnail","hentry"],"yoast_head":"<!-- This site is optimized with the Yoast SEO plugin v26.9 - https:\/\/yoast.com\/product\/yoast-seo-wordpress\/ -->\n<title>Bal\u00e9 de P\u00e9 no Ch\u00e3o - Aquilombamento Audiovisual Quariter\u00ea<\/title>\n<meta name=\"robots\" content=\"index, follow, max-snippet:-1, max-image-preview:large, max-video-preview:-1\" \/>\n<link rel=\"canonical\" href=\"https:\/\/quaritere.com.br\/site\/afrocine\/bale-de-pe-no-chao\/\" \/>\n<meta property=\"og:locale\" content=\"pt_BR\" \/>\n<meta property=\"og:type\" content=\"article\" \/>\n<meta property=\"og:title\" content=\"Bal\u00e9 de P\u00e9 no Ch\u00e3o - Aquilombamento Audiovisual Quariter\u00ea\" \/>\n<meta property=\"og:description\" content=\"[vc_row][vc_column width=&#8221;2\/3&#8243;][vc_column_text] Assista ao filme &#8220;Bal\u00e9 de P\u00e9 no Ch\u00e3o&#8221; da Sess\u00e3o Afrocine 2021: Bal\u00e9 de P\u00e9 no Ch\u00e3o &#8211; A Dan\u00e7a Afro de Mercedes Baptista Dire\u00e7\u00e3o de Lilian Sol\u00e1 Santiago e Mariana Monteiro Document\u00e1rio, 2005, 52 min. Sinopse: O [&hellip;]\" \/>\n<meta property=\"og:url\" content=\"https:\/\/quaritere.com.br\/site\/afrocine\/bale-de-pe-no-chao\/\" \/>\n<meta property=\"og:site_name\" content=\"Aquilombamento Audiovisual Quariter\u00ea\" \/>\n<meta property=\"article:modified_time\" content=\"2021-03-18T00:08:12+00:00\" \/>\n<meta property=\"og:image\" content=\"https:\/\/quaritere.com.br\/site\/wp-content\/uploads\/2021\/03\/Filme-Sessao-Afrocine-Quaritere-Bale-de-Pe-no-Chao-A-Danca-Afro-de-Mercedes-Baptista.jpeg\" \/>\n\t<meta property=\"og:image:width\" content=\"1080\" \/>\n\t<meta property=\"og:image:height\" content=\"1080\" \/>\n\t<meta property=\"og:image:type\" content=\"image\/jpeg\" \/>\n<meta name=\"twitter:card\" content=\"summary_large_image\" \/>\n<meta name=\"twitter:label1\" content=\"Est. tempo de leitura\" \/>\n\t<meta name=\"twitter:data1\" content=\"1 minuto\" \/>\n<script type=\"application\/ld+json\" class=\"yoast-schema-graph\">{\"@context\":\"https:\/\/schema.org\",\"@graph\":[{\"@type\":\"WebPage\",\"@id\":\"https:\/\/quaritere.com.br\/site\/afrocine\/bale-de-pe-no-chao\/\",\"url\":\"https:\/\/quaritere.com.br\/site\/afrocine\/bale-de-pe-no-chao\/\",\"name\":\"Bal\u00e9 de P\u00e9 no Ch\u00e3o - Aquilombamento Audiovisual Quariter\u00ea\",\"isPartOf\":{\"@id\":\"https:\/\/quaritere.com.br\/site\/#website\"},\"primaryImageOfPage\":{\"@id\":\"https:\/\/quaritere.com.br\/site\/afrocine\/bale-de-pe-no-chao\/#primaryimage\"},\"image\":{\"@id\":\"https:\/\/quaritere.com.br\/site\/afrocine\/bale-de-pe-no-chao\/#primaryimage\"},\"thumbnailUrl\":\"https:\/\/quaritere.com.br\/site\/wp-content\/uploads\/2021\/03\/Filme-Sessao-Afrocine-Quaritere-Bale-de-Pe-no-Chao-A-Danca-Afro-de-Mercedes-Baptista.jpeg\",\"datePublished\":\"2021-03-16T17:14:41+00:00\",\"dateModified\":\"2021-03-18T00:08:12+00:00\",\"breadcrumb\":{\"@id\":\"https:\/\/quaritere.com.br\/site\/afrocine\/bale-de-pe-no-chao\/#breadcrumb\"},\"inLanguage\":\"pt-BR\",\"potentialAction\":[{\"@type\":\"ReadAction\",\"target\":[\"https:\/\/quaritere.com.br\/site\/afrocine\/bale-de-pe-no-chao\/\"]}]},{\"@type\":\"ImageObject\",\"inLanguage\":\"pt-BR\",\"@id\":\"https:\/\/quaritere.com.br\/site\/afrocine\/bale-de-pe-no-chao\/#primaryimage\",\"url\":\"https:\/\/quaritere.com.br\/site\/wp-content\/uploads\/2021\/03\/Filme-Sessao-Afrocine-Quaritere-Bale-de-Pe-no-Chao-A-Danca-Afro-de-Mercedes-Baptista.jpeg\",\"contentUrl\":\"https:\/\/quaritere.com.br\/site\/wp-content\/uploads\/2021\/03\/Filme-Sessao-Afrocine-Quaritere-Bale-de-Pe-no-Chao-A-Danca-Afro-de-Mercedes-Baptista.jpeg\",\"width\":1080,\"height\":1080},{\"@type\":\"BreadcrumbList\",\"@id\":\"https:\/\/quaritere.com.br\/site\/afrocine\/bale-de-pe-no-chao\/#breadcrumb\",\"itemListElement\":[{\"@type\":\"ListItem\",\"position\":1,\"name\":\"In\u00edcio\",\"item\":\"https:\/\/quaritere.com.br\/site\/\"},{\"@type\":\"ListItem\",\"position\":2,\"name\":\"Sess\u00e3o Afrocine\",\"item\":\"https:\/\/quaritere.com.br\/site\/afrocine\/\"},{\"@type\":\"ListItem\",\"position\":3,\"name\":\"Bal\u00e9 de P\u00e9 no Ch\u00e3o\"}]},{\"@type\":\"WebSite\",\"@id\":\"https:\/\/quaritere.com.br\/site\/#website\",\"url\":\"https:\/\/quaritere.com.br\/site\/\",\"name\":\"Aquilombamento Audiovisual Quariter\u00ea\",\"description\":\"Site Oficial\",\"potentialAction\":[{\"@type\":\"SearchAction\",\"target\":{\"@type\":\"EntryPoint\",\"urlTemplate\":\"https:\/\/quaritere.com.br\/site\/?s={search_term_string}\"},\"query-input\":{\"@type\":\"PropertyValueSpecification\",\"valueRequired\":true,\"valueName\":\"search_term_string\"}}],\"inLanguage\":\"pt-BR\"}]}<\/script>\n<!-- \/ Yoast SEO plugin. -->","yoast_head_json":{"title":"Bal\u00e9 de P\u00e9 no Ch\u00e3o - Aquilombamento Audiovisual Quariter\u00ea","robots":{"index":"index","follow":"follow","max-snippet":"max-snippet:-1","max-image-preview":"max-image-preview:large","max-video-preview":"max-video-preview:-1"},"canonical":"https:\/\/quaritere.com.br\/site\/afrocine\/bale-de-pe-no-chao\/","og_locale":"pt_BR","og_type":"article","og_title":"Bal\u00e9 de P\u00e9 no Ch\u00e3o - Aquilombamento Audiovisual Quariter\u00ea","og_description":"[vc_row][vc_column width=&#8221;2\/3&#8243;][vc_column_text] Assista ao filme &#8220;Bal\u00e9 de P\u00e9 no Ch\u00e3o&#8221; da Sess\u00e3o Afrocine 2021: Bal\u00e9 de P\u00e9 no Ch\u00e3o &#8211; A Dan\u00e7a Afro de Mercedes Baptista Dire\u00e7\u00e3o de Lilian Sol\u00e1 Santiago e Mariana Monteiro Document\u00e1rio, 2005, 52 min. Sinopse: O [&hellip;]","og_url":"https:\/\/quaritere.com.br\/site\/afrocine\/bale-de-pe-no-chao\/","og_site_name":"Aquilombamento Audiovisual Quariter\u00ea","article_modified_time":"2021-03-18T00:08:12+00:00","og_image":[{"width":1080,"height":1080,"url":"https:\/\/quaritere.com.br\/site\/wp-content\/uploads\/2021\/03\/Filme-Sessao-Afrocine-Quaritere-Bale-de-Pe-no-Chao-A-Danca-Afro-de-Mercedes-Baptista.jpeg","type":"image\/jpeg"}],"twitter_card":"summary_large_image","twitter_misc":{"Est. tempo de leitura":"1 minuto"},"schema":{"@context":"https:\/\/schema.org","@graph":[{"@type":"WebPage","@id":"https:\/\/quaritere.com.br\/site\/afrocine\/bale-de-pe-no-chao\/","url":"https:\/\/quaritere.com.br\/site\/afrocine\/bale-de-pe-no-chao\/","name":"Bal\u00e9 de P\u00e9 no Ch\u00e3o - Aquilombamento Audiovisual Quariter\u00ea","isPartOf":{"@id":"https:\/\/quaritere.com.br\/site\/#website"},"primaryImageOfPage":{"@id":"https:\/\/quaritere.com.br\/site\/afrocine\/bale-de-pe-no-chao\/#primaryimage"},"image":{"@id":"https:\/\/quaritere.com.br\/site\/afrocine\/bale-de-pe-no-chao\/#primaryimage"},"thumbnailUrl":"https:\/\/quaritere.com.br\/site\/wp-content\/uploads\/2021\/03\/Filme-Sessao-Afrocine-Quaritere-Bale-de-Pe-no-Chao-A-Danca-Afro-de-Mercedes-Baptista.jpeg","datePublished":"2021-03-16T17:14:41+00:00","dateModified":"2021-03-18T00:08:12+00:00","breadcrumb":{"@id":"https:\/\/quaritere.com.br\/site\/afrocine\/bale-de-pe-no-chao\/#breadcrumb"},"inLanguage":"pt-BR","potentialAction":[{"@type":"ReadAction","target":["https:\/\/quaritere.com.br\/site\/afrocine\/bale-de-pe-no-chao\/"]}]},{"@type":"ImageObject","inLanguage":"pt-BR","@id":"https:\/\/quaritere.com.br\/site\/afrocine\/bale-de-pe-no-chao\/#primaryimage","url":"https:\/\/quaritere.com.br\/site\/wp-content\/uploads\/2021\/03\/Filme-Sessao-Afrocine-Quaritere-Bale-de-Pe-no-Chao-A-Danca-Afro-de-Mercedes-Baptista.jpeg","contentUrl":"https:\/\/quaritere.com.br\/site\/wp-content\/uploads\/2021\/03\/Filme-Sessao-Afrocine-Quaritere-Bale-de-Pe-no-Chao-A-Danca-Afro-de-Mercedes-Baptista.jpeg","width":1080,"height":1080},{"@type":"BreadcrumbList","@id":"https:\/\/quaritere.com.br\/site\/afrocine\/bale-de-pe-no-chao\/#breadcrumb","itemListElement":[{"@type":"ListItem","position":1,"name":"In\u00edcio","item":"https:\/\/quaritere.com.br\/site\/"},{"@type":"ListItem","position":2,"name":"Sess\u00e3o Afrocine","item":"https:\/\/quaritere.com.br\/site\/afrocine\/"},{"@type":"ListItem","position":3,"name":"Bal\u00e9 de P\u00e9 no Ch\u00e3o"}]},{"@type":"WebSite","@id":"https:\/\/quaritere.com.br\/site\/#website","url":"https:\/\/quaritere.com.br\/site\/","name":"Aquilombamento Audiovisual Quariter\u00ea","description":"Site Oficial","potentialAction":[{"@type":"SearchAction","target":{"@type":"EntryPoint","urlTemplate":"https:\/\/quaritere.com.br\/site\/?s={search_term_string}"},"query-input":{"@type":"PropertyValueSpecification","valueRequired":true,"valueName":"search_term_string"}}],"inLanguage":"pt-BR"}]}},"_links":{"self":[{"href":"https:\/\/quaritere.com.br\/site\/wp-json\/wp\/v2\/pages\/842","targetHints":{"allow":["GET"]}}],"collection":[{"href":"https:\/\/quaritere.com.br\/site\/wp-json\/wp\/v2\/pages"}],"about":[{"href":"https:\/\/quaritere.com.br\/site\/wp-json\/wp\/v2\/types\/page"}],"author":[{"embeddable":true,"href":"https:\/\/quaritere.com.br\/site\/wp-json\/wp\/v2\/users\/1"}],"replies":[{"embeddable":true,"href":"https:\/\/quaritere.com.br\/site\/wp-json\/wp\/v2\/comments?post=842"}],"version-history":[{"count":2,"href":"https:\/\/quaritere.com.br\/site\/wp-json\/wp\/v2\/pages\/842\/revisions"}],"predecessor-version":[{"id":889,"href":"https:\/\/quaritere.com.br\/site\/wp-json\/wp\/v2\/pages\/842\/revisions\/889"}],"up":[{"embeddable":true,"href":"https:\/\/quaritere.com.br\/site\/wp-json\/wp\/v2\/pages\/744"}],"wp:featuredmedia":[{"embeddable":true,"href":"https:\/\/quaritere.com.br\/site\/wp-json\/wp\/v2\/media\/805"}],"wp:attachment":[{"href":"https:\/\/quaritere.com.br\/site\/wp-json\/wp\/v2\/media?parent=842"}],"curies":[{"name":"wp","href":"https:\/\/api.w.org\/{rel}","templated":true}]}}