{"id":728,"date":"2021-03-15T10:12:05","date_gmt":"2021-03-15T13:12:05","guid":{"rendered":"https:\/\/quaritere.com.br\/site2021\/?page_id=728"},"modified":"2022-03-16T14:13:54","modified_gmt":"2022-03-16T17:13:54","slug":"sobre-o-coletivo","status":"publish","type":"page","link":"https:\/\/quaritere.com.br\/site\/sobre-o-coletivo\/","title":{"rendered":"Sobre o coletivo"},"content":{"rendered":"<div class=\"wpb-content-wrapper\"><p>[vc_row][vc_column width=&#8221;1\/2&#8243;][vc_column_text]<span style=\"font-weight: 400;\">O Coletivo Quariter\u00ea tem a miss\u00e3o de propor, debater, influenciar e monitorar pol\u00edticas p\u00fablicas nos \u00e2mbitos municipal e estadual que convergem em a\u00e7\u00f5es afirmativas para inclus\u00e3o dos profissionais negros e negras em toda a cadeia produtiva do segmento audiovisual.<\/span><\/p>\n<p>&nbsp;<\/p>\n<p><span style=\"font-weight: 400;\">O Quariter\u00ea, homenageado no nome do coletivo, foi o Quilombo do Quariter\u00ea, localizado na regi\u00e3o de Vila Bela, primeira capital do estado. A hist\u00f3ria do quilombo \u00e9 a hist\u00f3ria de Teresa de Benguela, rainha do Quariter\u00ea. Sua resist\u00eancia her\u00f3ica e seu esp\u00edrito democr\u00e1tico foram inspira\u00e7\u00f5es para a cria\u00e7\u00e3o desse lugar de aquilombamento para os profissionais do audiovisual mato-grossense, esse lugar onde podem chegar e se reconhecer entre pares.<\/span><\/p>\n<p>&nbsp;<\/p>\n<div id=\"attachment_1002\" style=\"width: 222px\" class=\"wp-caption alignright\"><img loading=\"lazy\" decoding=\"async\" aria-describedby=\"caption-attachment-1002\" class=\"wp-image-1002 size-medium\" src=\"https:\/\/quaritere.com.br\/site\/wp-content\/uploads\/2022\/03\/Tereza-de-Benguela-edicao-colecionaveis-do-CineClube-Coxipones.-212x300.jpeg\" alt=\"\" width=\"212\" height=\"300\" srcset=\"https:\/\/quaritere.com.br\/site\/wp-content\/uploads\/2022\/03\/Tereza-de-Benguela-edicao-colecionaveis-do-CineClube-Coxipones.-212x300.jpeg 212w, https:\/\/quaritere.com.br\/site\/wp-content\/uploads\/2022\/03\/Tereza-de-Benguela-edicao-colecionaveis-do-CineClube-Coxipones.-724x1024.jpeg 724w, https:\/\/quaritere.com.br\/site\/wp-content\/uploads\/2022\/03\/Tereza-de-Benguela-edicao-colecionaveis-do-CineClube-Coxipones.-768x1086.jpeg 768w, https:\/\/quaritere.com.br\/site\/wp-content\/uploads\/2022\/03\/Tereza-de-Benguela-edicao-colecionaveis-do-CineClube-Coxipones..jpeg 905w\" sizes=\"auto, (max-width: 212px) 100vw, 212px\" \/><p id=\"caption-attachment-1002\" class=\"wp-caption-text\">Poster: Tereza de Benguela, edi\u00e7\u00e3o colecion\u00e1veis do CineClube Coxipon\u00e9s.<\/p><\/div>\n<p><span style=\"font-weight: 400;\"><br \/>\nO encontro de profissionais negros da cultura e do audiovisual que daria origem ao Coletivo Quariter\u00ea aconteceu em 19 de setembro de 2017, dias ap\u00f3s participarem da Oficina de Cinema Negro ministrada pelo Prof. Dr. Celso Prudente na Universidade Federal de Mato Grosso, entre 11 e 14 de setembro do mesmo ano.<\/span><\/p>\n<p>&nbsp;<\/p>\n<p><span style=\"font-weight: 400;\">O Coletivo possui tamb\u00e9m a\u00e7\u00f5es diretamente ligadas ao debate e \u00e0 luta pela implementa\u00e7\u00e3o de pol\u00edticas p\u00fablicas afirmativas, bem como a discuss\u00e3o sobre a inser\u00e7\u00e3o da pessoa negra no mercado (contemplando do mesmo modo outras \u201cminorias\u201d), como a reivindica\u00e7\u00e3o da estrutura\u00e7\u00e3o do edital da cultura do munic\u00edpio no ano de 2018, para que o valor destinado de 100 mil ao segmento audiovisual fosse subdividido em 4 valores para os concorrentes: uma parcela de 50 mil para diretores n\u00e3o estreantes e duas parcelas de 25 mil para diretores estreantes, visando com isso a participa\u00e7\u00e3o de indiv\u00edduos com dificuldades estruturais e acesso para a elabora\u00e7\u00e3o de carreira e curr\u00edculo.<\/span><\/p>\n<p>&nbsp;<\/p>\n<div id=\"attachment_1004\" style=\"width: 1034px\" class=\"wp-caption aligncenter\"><img loading=\"lazy\" decoding=\"async\" aria-describedby=\"caption-attachment-1004\" class=\"size-large wp-image-1004\" src=\"https:\/\/quaritere.com.br\/site\/wp-content\/uploads\/2022\/03\/Divulgacao-das-gravacoes-de-Aqui-Jaz-a-Melodia-sob-a-direcao-de-Wuldson-Marcelo.-1024x576.jpg\" alt=\"\" width=\"1024\" height=\"576\" srcset=\"https:\/\/quaritere.com.br\/site\/wp-content\/uploads\/2022\/03\/Divulgacao-das-gravacoes-de-Aqui-Jaz-a-Melodia-sob-a-direcao-de-Wuldson-Marcelo.-1024x576.jpg 1024w, https:\/\/quaritere.com.br\/site\/wp-content\/uploads\/2022\/03\/Divulgacao-das-gravacoes-de-Aqui-Jaz-a-Melodia-sob-a-direcao-de-Wuldson-Marcelo.-300x169.jpg 300w, https:\/\/quaritere.com.br\/site\/wp-content\/uploads\/2022\/03\/Divulgacao-das-gravacoes-de-Aqui-Jaz-a-Melodia-sob-a-direcao-de-Wuldson-Marcelo.-768x432.jpg 768w, https:\/\/quaritere.com.br\/site\/wp-content\/uploads\/2022\/03\/Divulgacao-das-gravacoes-de-Aqui-Jaz-a-Melodia-sob-a-direcao-de-Wuldson-Marcelo.-1536x864.jpg 1536w, https:\/\/quaritere.com.br\/site\/wp-content\/uploads\/2022\/03\/Divulgacao-das-gravacoes-de-Aqui-Jaz-a-Melodia-sob-a-direcao-de-Wuldson-Marcelo..jpg 1920w\" sizes=\"auto, (max-width: 1024px) 100vw, 1024px\" \/><p id=\"caption-attachment-1004\" class=\"wp-caption-text\">Foto: Divulga\u00e7\u00e3o das grava\u00e7\u00f5es de Aqui Jaz a Melodia, sob a dire\u00e7\u00e3o de Wuldson Marcelo.<\/p><\/div>\n<p><span style=\"font-weight: 400;\">\u00a0<\/span><\/p>\n<p><span style=\"font-weight: 400;\">Reivindicamos tamb\u00e9m a inclus\u00e3o de pol\u00edticas afirmativas, na formata\u00e7\u00e3o do edital do estado, direcionado ao segmento, no ano de 2018, como vagas destinadas a afrodescendentes, ind\u00edgenas e LGBTQIA+ e vaga para dire\u00e7\u00e3o estreante; neste caso, a conquista foi em rela\u00e7\u00e3o a vaga para dire\u00e7\u00e3o estreante, inclusa no edital.\u00a0<\/span>[\/vc_column_text][\/vc_column][vc_column width=&#8221;1\/2&#8243;][vc_column_text]<\/p>\n<div class=\"mceTemp\"><\/div>\n<p>&nbsp;<\/p>\n<p><span style=\"font-weight: 400;\">\u00a0<\/span><\/p>\n<p><span style=\"font-weight: 400;\">O Quariter\u00ea se posicionou de maneira obstinada em rela\u00e7\u00e3o a decis\u00e3o de utiliza\u00e7\u00e3o do recurso p\u00fablico,\u00a0 previamente pensado para a forma\u00e7\u00e3o, no valor de 600 mil reais, investimento que seria realizado pela Secel-MT no setor audiovisual (ano 2019\/2020), para que fosse definitivamente destinado \u00e0 contrata\u00e7\u00e3o de uma institui\u00e7\u00e3o de respaldo nacional para a forma\u00e7\u00e3o de novos profissionais.\u00a0\u00a0\u00a0\u00a0\u00a0\u00a0\u00a0<\/span><\/p>\n<p>&nbsp;<\/p>\n<div id=\"attachment_1006\" style=\"width: 1034px\" class=\"wp-caption aligncenter\"><img loading=\"lazy\" decoding=\"async\" aria-describedby=\"caption-attachment-1006\" class=\"size-large wp-image-1006\" src=\"https:\/\/quaritere.com.br\/site\/wp-content\/uploads\/2022\/03\/Divulgacao-do-Curso-de-Formacao-em-Direcao-Audiovisual-realizada-pela-Escola-Darcy-Ribeiro-e-Secel-MT-2021-1024x449.jpeg\" alt=\"\" width=\"1024\" height=\"449\" srcset=\"https:\/\/quaritere.com.br\/site\/wp-content\/uploads\/2022\/03\/Divulgacao-do-Curso-de-Formacao-em-Direcao-Audiovisual-realizada-pela-Escola-Darcy-Ribeiro-e-Secel-MT-2021-1024x449.jpeg 1024w, https:\/\/quaritere.com.br\/site\/wp-content\/uploads\/2022\/03\/Divulgacao-do-Curso-de-Formacao-em-Direcao-Audiovisual-realizada-pela-Escola-Darcy-Ribeiro-e-Secel-MT-2021-300x131.jpeg 300w, https:\/\/quaritere.com.br\/site\/wp-content\/uploads\/2022\/03\/Divulgacao-do-Curso-de-Formacao-em-Direcao-Audiovisual-realizada-pela-Escola-Darcy-Ribeiro-e-Secel-MT-2021-768x337.jpeg 768w, https:\/\/quaritere.com.br\/site\/wp-content\/uploads\/2022\/03\/Divulgacao-do-Curso-de-Formacao-em-Direcao-Audiovisual-realizada-pela-Escola-Darcy-Ribeiro-e-Secel-MT-2021.jpeg 1280w\" sizes=\"auto, (max-width: 1024px) 100vw, 1024px\" \/><p id=\"caption-attachment-1006\" class=\"wp-caption-text\">Foto: Divulga\u00e7\u00e3o do Curso de Forma\u00e7\u00e3o em Dire\u00e7\u00e3o Audiovisual realizada pela Escola Darcy Ribeiro e Secel-MT (2021)<\/p><\/div>\n<p><span style=\"font-weight: 400;\">\u00a0<\/span><\/p>\n<p><span style=\"font-weight: 400;\">\u00a0Em 2019 produzimos de maneira independente o primeiro filme do Coletivo: \u201cA Velhice Ilumina o Vento\u201d (ainda sem data de estreia), com apoio das produtoras Latitude Filmes e Plano B Filmes e com o patroc\u00ednio da Agro Serra nos custos b\u00e1sicos da produ\u00e7\u00e3o (alimenta\u00e7\u00e3o, deslocamento, aluguel de Van). O filme tem como protagonista Valda (interpretada por Benedita Silveira), mulher preta, perif\u00e9rica, trabalhadora e que tem como descontra\u00e7\u00e3o a ida \u00e0 Bailes da Terceira Idade. O filme foi planejado todo de forma colaborativa e envolveu na realiza\u00e7\u00e3o mais de 24 pessoas negras, desde a pr\u00e9-produ\u00e7\u00e3o \u00e0 p\u00f3s-produ\u00e7\u00e3o, com o intuito n\u00e3o s\u00f3 de que o coletivo tivesse uma uma obra audiovisual com tem\u00e1tica negra, agregando as conquistas do grupo um produto realizado pelo Quariter\u00ea, como de forma\u00e7\u00e3o de todos os participantes, refletindo assim sobre a constitui\u00e7\u00e3o da equipe e dos bastidores de um filme.\u00a0\u00a0<\/span><\/p>\n<p>&nbsp;<\/p>\n<div id=\"attachment_1007\" style=\"width: 860px\" class=\"wp-caption aligncenter\"><img loading=\"lazy\" decoding=\"async\" aria-describedby=\"caption-attachment-1007\" class=\"size-full wp-image-1007\" src=\"https:\/\/quaritere.com.br\/site\/wp-content\/uploads\/2022\/03\/Still-de-Benedita-interpretando-Valda-em-A-Velhice-Ilumina-o-Vento.jpg\" alt=\"\" width=\"850\" height=\"566\" srcset=\"https:\/\/quaritere.com.br\/site\/wp-content\/uploads\/2022\/03\/Still-de-Benedita-interpretando-Valda-em-A-Velhice-Ilumina-o-Vento.jpg 850w, https:\/\/quaritere.com.br\/site\/wp-content\/uploads\/2022\/03\/Still-de-Benedita-interpretando-Valda-em-A-Velhice-Ilumina-o-Vento-300x200.jpg 300w, https:\/\/quaritere.com.br\/site\/wp-content\/uploads\/2022\/03\/Still-de-Benedita-interpretando-Valda-em-A-Velhice-Ilumina-o-Vento-768x511.jpg 768w\" sizes=\"auto, (max-width: 850px) 100vw, 850px\" \/><p id=\"caption-attachment-1007\" class=\"wp-caption-text\">Foto: Still de Benedita interpretando Valda, em \u201cA Velhice Ilumina o Vento\u201d<\/p><\/div>\n<p><span style=\"font-weight: 400;\">\u00a0<\/span><\/p>\n<p><span style=\"font-weight: 400;\">Atualmente, dois membros do Coletivo Quariter\u00ea comp\u00f5em a diretoria e o conselho fiscal, respectivamente, da associa\u00e7\u00e3o MTCine, visando pautar a equidade racial e fomentar a representatividade, fazendo valer o debate sobre a inclus\u00e3o das pessoas afrodescendentes no cen\u00e1rio audiovisual.<\/span>[\/vc_column_text][\/vc_column][\/vc_row]<\/p>\n<\/div>","protected":false},"excerpt":{"rendered":"<p>[vc_row][vc_column width=&#8221;1\/2&#8243;][vc_column_text]O Coletivo Quariter\u00ea tem a miss\u00e3o de propor, debater, influenciar e monitorar pol\u00edticas p\u00fablicas nos \u00e2mbitos municipal e estadual que convergem em a\u00e7\u00f5es afirmativas para inclus\u00e3o dos profissionais negros e negras em toda a cadeia produtiva do segmento audiovisual. [&hellip;]<\/p>\n","protected":false},"author":1,"featured_media":0,"parent":0,"menu_order":0,"comment_status":"closed","ping_status":"closed","template":"","meta":{"footnotes":""},"class_list":["post-728","page","type-page","status-publish","hentry"],"yoast_head":"<!-- This site is optimized with the Yoast SEO plugin v26.9 - https:\/\/yoast.com\/product\/yoast-seo-wordpress\/ -->\n<title>Sobre o coletivo - Aquilombamento Audiovisual Quariter\u00ea<\/title>\n<meta name=\"robots\" content=\"index, follow, max-snippet:-1, max-image-preview:large, max-video-preview:-1\" \/>\n<link rel=\"canonical\" href=\"https:\/\/quaritere.com.br\/site\/sobre-o-coletivo\/\" \/>\n<meta property=\"og:locale\" content=\"pt_BR\" \/>\n<meta property=\"og:type\" content=\"article\" \/>\n<meta property=\"og:title\" content=\"Sobre o coletivo - Aquilombamento Audiovisual Quariter\u00ea\" \/>\n<meta property=\"og:description\" content=\"[vc_row][vc_column width=&#8221;1\/2&#8243;][vc_column_text]O Coletivo Quariter\u00ea tem a miss\u00e3o de propor, debater, influenciar e monitorar pol\u00edticas p\u00fablicas nos \u00e2mbitos municipal e estadual que convergem em a\u00e7\u00f5es afirmativas para inclus\u00e3o dos profissionais negros e negras em toda a cadeia produtiva do segmento audiovisual. [&hellip;]\" \/>\n<meta property=\"og:url\" content=\"https:\/\/quaritere.com.br\/site\/sobre-o-coletivo\/\" \/>\n<meta property=\"og:site_name\" content=\"Aquilombamento Audiovisual Quariter\u00ea\" \/>\n<meta property=\"article:modified_time\" content=\"2022-03-16T17:13:54+00:00\" \/>\n<meta property=\"og:image\" content=\"https:\/\/quaritere.com.br\/site\/wp-content\/uploads\/2022\/03\/Tereza-de-Benguela-edicao-colecionaveis-do-CineClube-Coxipones.-212x300.jpeg\" \/>\n<meta name=\"twitter:card\" content=\"summary_large_image\" \/>\n<meta name=\"twitter:label1\" content=\"Est. tempo de leitura\" \/>\n\t<meta name=\"twitter:data1\" content=\"4 minutos\" \/>\n<script type=\"application\/ld+json\" class=\"yoast-schema-graph\">{\"@context\":\"https:\/\/schema.org\",\"@graph\":[{\"@type\":\"WebPage\",\"@id\":\"https:\/\/quaritere.com.br\/site\/sobre-o-coletivo\/\",\"url\":\"https:\/\/quaritere.com.br\/site\/sobre-o-coletivo\/\",\"name\":\"Sobre o coletivo - Aquilombamento Audiovisual Quariter\u00ea\",\"isPartOf\":{\"@id\":\"https:\/\/quaritere.com.br\/site\/#website\"},\"primaryImageOfPage\":{\"@id\":\"https:\/\/quaritere.com.br\/site\/sobre-o-coletivo\/#primaryimage\"},\"image\":{\"@id\":\"https:\/\/quaritere.com.br\/site\/sobre-o-coletivo\/#primaryimage\"},\"thumbnailUrl\":\"https:\/\/quaritere.com.br\/site\/wp-content\/uploads\/2022\/03\/Tereza-de-Benguela-edicao-colecionaveis-do-CineClube-Coxipones.-212x300.jpeg\",\"datePublished\":\"2021-03-15T13:12:05+00:00\",\"dateModified\":\"2022-03-16T17:13:54+00:00\",\"breadcrumb\":{\"@id\":\"https:\/\/quaritere.com.br\/site\/sobre-o-coletivo\/#breadcrumb\"},\"inLanguage\":\"pt-BR\",\"potentialAction\":[{\"@type\":\"ReadAction\",\"target\":[\"https:\/\/quaritere.com.br\/site\/sobre-o-coletivo\/\"]}]},{\"@type\":\"ImageObject\",\"inLanguage\":\"pt-BR\",\"@id\":\"https:\/\/quaritere.com.br\/site\/sobre-o-coletivo\/#primaryimage\",\"url\":\"https:\/\/quaritere.com.br\/site\/wp-content\/uploads\/2022\/03\/Tereza-de-Benguela-edicao-colecionaveis-do-CineClube-Coxipones..jpeg\",\"contentUrl\":\"https:\/\/quaritere.com.br\/site\/wp-content\/uploads\/2022\/03\/Tereza-de-Benguela-edicao-colecionaveis-do-CineClube-Coxipones..jpeg\",\"width\":905,\"height\":1280,\"caption\":\"Poster: Tereza de Benguela, edi\u00e7\u00e3o colecion\u00e1veis do CineClube Coxipon\u00e9s.\u00a0\"},{\"@type\":\"BreadcrumbList\",\"@id\":\"https:\/\/quaritere.com.br\/site\/sobre-o-coletivo\/#breadcrumb\",\"itemListElement\":[{\"@type\":\"ListItem\",\"position\":1,\"name\":\"In\u00edcio\",\"item\":\"https:\/\/quaritere.com.br\/site\/\"},{\"@type\":\"ListItem\",\"position\":2,\"name\":\"Sobre o coletivo\"}]},{\"@type\":\"WebSite\",\"@id\":\"https:\/\/quaritere.com.br\/site\/#website\",\"url\":\"https:\/\/quaritere.com.br\/site\/\",\"name\":\"Aquilombamento Audiovisual Quariter\u00ea\",\"description\":\"Site Oficial\",\"potentialAction\":[{\"@type\":\"SearchAction\",\"target\":{\"@type\":\"EntryPoint\",\"urlTemplate\":\"https:\/\/quaritere.com.br\/site\/?s={search_term_string}\"},\"query-input\":{\"@type\":\"PropertyValueSpecification\",\"valueRequired\":true,\"valueName\":\"search_term_string\"}}],\"inLanguage\":\"pt-BR\"}]}<\/script>\n<!-- \/ Yoast SEO plugin. -->","yoast_head_json":{"title":"Sobre o coletivo - Aquilombamento Audiovisual Quariter\u00ea","robots":{"index":"index","follow":"follow","max-snippet":"max-snippet:-1","max-image-preview":"max-image-preview:large","max-video-preview":"max-video-preview:-1"},"canonical":"https:\/\/quaritere.com.br\/site\/sobre-o-coletivo\/","og_locale":"pt_BR","og_type":"article","og_title":"Sobre o coletivo - Aquilombamento Audiovisual Quariter\u00ea","og_description":"[vc_row][vc_column width=&#8221;1\/2&#8243;][vc_column_text]O Coletivo Quariter\u00ea tem a miss\u00e3o de propor, debater, influenciar e monitorar pol\u00edticas p\u00fablicas nos \u00e2mbitos municipal e estadual que convergem em a\u00e7\u00f5es afirmativas para inclus\u00e3o dos profissionais negros e negras em toda a cadeia produtiva do segmento audiovisual. [&hellip;]","og_url":"https:\/\/quaritere.com.br\/site\/sobre-o-coletivo\/","og_site_name":"Aquilombamento Audiovisual Quariter\u00ea","article_modified_time":"2022-03-16T17:13:54+00:00","og_image":[{"url":"https:\/\/quaritere.com.br\/site\/wp-content\/uploads\/2022\/03\/Tereza-de-Benguela-edicao-colecionaveis-do-CineClube-Coxipones.-212x300.jpeg","type":"","width":"","height":""}],"twitter_card":"summary_large_image","twitter_misc":{"Est. tempo de leitura":"4 minutos"},"schema":{"@context":"https:\/\/schema.org","@graph":[{"@type":"WebPage","@id":"https:\/\/quaritere.com.br\/site\/sobre-o-coletivo\/","url":"https:\/\/quaritere.com.br\/site\/sobre-o-coletivo\/","name":"Sobre o coletivo - Aquilombamento Audiovisual Quariter\u00ea","isPartOf":{"@id":"https:\/\/quaritere.com.br\/site\/#website"},"primaryImageOfPage":{"@id":"https:\/\/quaritere.com.br\/site\/sobre-o-coletivo\/#primaryimage"},"image":{"@id":"https:\/\/quaritere.com.br\/site\/sobre-o-coletivo\/#primaryimage"},"thumbnailUrl":"https:\/\/quaritere.com.br\/site\/wp-content\/uploads\/2022\/03\/Tereza-de-Benguela-edicao-colecionaveis-do-CineClube-Coxipones.-212x300.jpeg","datePublished":"2021-03-15T13:12:05+00:00","dateModified":"2022-03-16T17:13:54+00:00","breadcrumb":{"@id":"https:\/\/quaritere.com.br\/site\/sobre-o-coletivo\/#breadcrumb"},"inLanguage":"pt-BR","potentialAction":[{"@type":"ReadAction","target":["https:\/\/quaritere.com.br\/site\/sobre-o-coletivo\/"]}]},{"@type":"ImageObject","inLanguage":"pt-BR","@id":"https:\/\/quaritere.com.br\/site\/sobre-o-coletivo\/#primaryimage","url":"https:\/\/quaritere.com.br\/site\/wp-content\/uploads\/2022\/03\/Tereza-de-Benguela-edicao-colecionaveis-do-CineClube-Coxipones..jpeg","contentUrl":"https:\/\/quaritere.com.br\/site\/wp-content\/uploads\/2022\/03\/Tereza-de-Benguela-edicao-colecionaveis-do-CineClube-Coxipones..jpeg","width":905,"height":1280,"caption":"Poster: Tereza de Benguela, edi\u00e7\u00e3o colecion\u00e1veis do CineClube Coxipon\u00e9s.\u00a0"},{"@type":"BreadcrumbList","@id":"https:\/\/quaritere.com.br\/site\/sobre-o-coletivo\/#breadcrumb","itemListElement":[{"@type":"ListItem","position":1,"name":"In\u00edcio","item":"https:\/\/quaritere.com.br\/site\/"},{"@type":"ListItem","position":2,"name":"Sobre o coletivo"}]},{"@type":"WebSite","@id":"https:\/\/quaritere.com.br\/site\/#website","url":"https:\/\/quaritere.com.br\/site\/","name":"Aquilombamento Audiovisual Quariter\u00ea","description":"Site Oficial","potentialAction":[{"@type":"SearchAction","target":{"@type":"EntryPoint","urlTemplate":"https:\/\/quaritere.com.br\/site\/?s={search_term_string}"},"query-input":{"@type":"PropertyValueSpecification","valueRequired":true,"valueName":"search_term_string"}}],"inLanguage":"pt-BR"}]}},"_links":{"self":[{"href":"https:\/\/quaritere.com.br\/site\/wp-json\/wp\/v2\/pages\/728","targetHints":{"allow":["GET"]}}],"collection":[{"href":"https:\/\/quaritere.com.br\/site\/wp-json\/wp\/v2\/pages"}],"about":[{"href":"https:\/\/quaritere.com.br\/site\/wp-json\/wp\/v2\/types\/page"}],"author":[{"embeddable":true,"href":"https:\/\/quaritere.com.br\/site\/wp-json\/wp\/v2\/users\/1"}],"replies":[{"embeddable":true,"href":"https:\/\/quaritere.com.br\/site\/wp-json\/wp\/v2\/comments?post=728"}],"version-history":[{"count":13,"href":"https:\/\/quaritere.com.br\/site\/wp-json\/wp\/v2\/pages\/728\/revisions"}],"predecessor-version":[{"id":1042,"href":"https:\/\/quaritere.com.br\/site\/wp-json\/wp\/v2\/pages\/728\/revisions\/1042"}],"wp:attachment":[{"href":"https:\/\/quaritere.com.br\/site\/wp-json\/wp\/v2\/media?parent=728"}],"curies":[{"name":"wp","href":"https:\/\/api.w.org\/{rel}","templated":true}]}}