{"id":1206,"date":"2024-03-13T11:32:11","date_gmt":"2024-03-13T14:32:11","guid":{"rendered":"https:\/\/quaritere.com.br\/site\/?page_id=1206"},"modified":"2024-05-06T14:42:02","modified_gmt":"2024-05-06T17:42:02","slug":"7a-mostra-quaritere","status":"publish","type":"page","link":"https:\/\/quaritere.com.br\/site\/7a-mostra-quaritere\/","title":{"rendered":"7\u00aa Mostra Quariter\u00ea"},"content":{"rendered":"<div class=\"wpb-content-wrapper\"><p>[vc_row][vc_column]<div class=\"edgtf-single-image-holder   \">\n    <div class=\"edgtf-si-inner\" >\n                                    <img loading=\"lazy\" decoding=\"async\" width=\"1539\" height=\"652\" src=\"https:\/\/quaritere.com.br\/site\/wp-content\/uploads\/2024\/05\/BANNER_SITE.gif\" class=\"attachment-full size-full\" alt=\"\" \/>                        <\/div>\n<\/div>[\/vc_column][\/vc_row][vc_row][vc_column][vc_column_text]<\/p>\n<p style=\"text-align: center;\"><strong>Mostra de Cinema Negro de MT prorroga prazo de inscri\u00e7\u00f5es<\/strong><\/p>\n<p style=\"text-align: center;\"><strong>\u00a0para produ\u00e7\u00f5es negras e ind\u00edgenas<\/strong><\/p>\n<p style=\"text-align: center;\"><i>Participa\u00e7\u00e3o \u00e9 gratuita e Mostra acontece entre os dias 04 e 06 de julho<\/i><\/p>\n<p>&nbsp;<\/p>\n<p>A 7\u00aa Mostra de Cinema Negro de Mato Grosso prorrogou o prazo para submiss\u00f5es das inscri\u00e7\u00f5es para o dia 26 de abril. Com a tem\u00e1tica \u201cTerrit\u00f3rios e Territorialidades: disputa de narrativas\u201d, a Mostra selecionar\u00e1 produ\u00e7\u00f5es com protagonismo negro e ind\u00edgena, discutindo din\u00e2micas e provoca\u00e7\u00f5es sobre pertencimentos e localidades. As inscri\u00e7\u00f5es s\u00e3o gratuitas e devem ser realizadas por meio do preenchimento de formul\u00e1rio online (<a href=\"https:\/\/docs.google.com\/forms\/d\/e\/1FAIpQLSf_-LejzEl2bRGYethoNeXNs4k5dB3GMhmrernOeJglSallQQ\/viewform\">clique aqui<\/a>).<\/p>\n<p>&nbsp;<\/p>\n<p>Com o intuito de potencializar a pluralidade dos modos de afirma\u00e7\u00e3o da identidade e resist\u00eancia de diferentes povos, ser\u00e3o aceitos filmes de curta-metragens de todas as regi\u00f5es do Brasil e de todos os g\u00eaneros (Fic\u00e7\u00e3o, Document\u00e1rio, Experimental, entre outros). Desde que as produ\u00e7\u00f5es inscritas tenham sido lan\u00e7adas entre 2022 e 2024 e sejam obrigatoriamente dirigidas e\/ou realizadas por pessoas negras e ind\u00edgenas.<\/p>\n<p>&nbsp;<\/p>\n<p>A lista oficial dos filmes selecionados ser\u00e1 divulgada online a partir do dia 09 de maio de 2024, por meio do site do Intituto Quariter\u00ea (https:\/\/quaritere.com.br\/site\/) e no perfil do Instagram (https:\/\/www.instagram.com\/quaritere\/).<\/p>\n<p>&nbsp;<\/p>\n<p>Os selecionados participar\u00e3o da Mostra competitiva, disputando as categorias: Melhor Filme de Fic\u00e7\u00e3o; Melhor Filme Experimental; Melhor Document\u00e1rio e Melhor Videoclipe da 7\u00aa Mostra de Cinema Negro de Mato Grosso.\u00a0 O pr\u00eamio oficial da\u00a0 7\u00aa Mostra de Cinema Negro de Mato Grosso \u00e9 o Trof\u00e9u Quariterito, que esse ano ser\u00e1 esculpido pela artista Patty Wolf e ser\u00e1 entregue aos vencedores das Mostras Competitivas.<\/p>\n<p>&nbsp;<\/p>\n<p><b>Mostra de Cinema Negro de Mato Grosso\u00a0<\/b><\/p>\n<p>&nbsp;<\/p>\n<p>A Mostra de Cinema Negro de Mato Grosso surge como um movimento de contra narrativa \u00e0s produ\u00e7\u00f5es mercadol\u00f3gicas que repercutem historicamente imagens raciais estereotipadas e pouco diversas sobre povos negros e ind\u00edgenas. Ao ressaltar o protagonismo de produtores e realizadores, por vezes marginalizados, a inten\u00e7\u00e3o \u00e9 debater e refletir sobre a presen\u00e7a do negro e ind\u00edgena no audiovisual e as m\u00faltiplas possibilidades de narrar sobre corpos, territ\u00f3rios, anseios pol\u00edticos, sociais e culturais.<\/p>\n<p>&nbsp;<\/p>\n<p>Ao longo da sua trajet\u00f3ria, a Mostra j\u00e1 construiu debates sobre Afrofuturismos, Sobre(Viv\u00eancias), sempre em busca de ampliar a visibilidade de produ\u00e7\u00f5es audiovisuais nos contextos regionais e nacionais.<\/p>\n<p>&nbsp;<\/p>\n<p>A 7\u00aa Mostra de Cinema Negro de Mato Grosso\u00a0 ser\u00e1 realizada entre os dias 04 a 06 de julho, no Teatro da Universidade Federal de Mato Grosso (UFMT), Campus Cuiab\u00e1, com exibi\u00e7\u00e3o de filmes selecionados para a Mostra Competitiva, al\u00e9m de diversas oficinas e espa\u00e7os de debates.<\/p>\n<p>&nbsp;<\/p>\n<p>A integrante atuante e fundadora do Aquilombamento Audiovisual Quariter\u00ea, Juliana Seg\u00f3via, incentiva a participa\u00e7\u00e3o de profissionais do audiovisual de todo Brasil e tamb\u00e9m convida a comunidade geral a prestigiar os dias de evento.<\/p>\n<p>&nbsp;<\/p>\n<p>&#8220;A participa\u00e7\u00e3o do p\u00fablico \u00e9 o maior objetivo que temos com a mostra. Produ\u00e7\u00f5es art\u00edsticas como o cinema s\u00f3 fazem sentido se existe um p\u00fablico para ser espectador. O nosso intuito enquanto organizadores da mostra \u00e9 ter a presen\u00e7a do maior n\u00famero poss\u00edvel de pessoas, de variados territ\u00f3rios da cidade de Cuiab\u00e1, assistindo a filmes que possam dialogar com suas viv\u00eancias, trajet\u00f3rias e que possam trazer tamb\u00e9m identifica\u00e7\u00e3o&#8221;, completa a integrante do Quariter\u00ea.<\/p>\n<p>&nbsp;<\/p>\n<p>A 7\u00aa Mostra de Cinema Negro de Mato Grosso \u00e9 realizada pelo Instituto Quaritere\u0302, em parceria com o Instituto InRede e Secretaria de Estado de Cultura, Esporte e Lazer (Secel) e apoio da Universidade Federal de Mato Grosso (UFMT) e do Servi\u00e7o Brasileiro de Apoio \u00e0s Micro e Pequenas Empresas (Sebrae).<\/p>\n<p>&nbsp;<\/p>\n<p><b>SERVI\u00c7O<\/b><\/p>\n<p>&nbsp;<\/p>\n<p>7\u00aa Mostra Quariter\u00ea de Cinema<\/p>\n<p>Inscri\u00e7\u00f5es Encerradas<\/p>\n<p>Confira o regulamento aqui:<\/p>\n<p><a href=\"https:\/\/docs.google.com\/file\/d\/1xKOHsjxlpHjwUQ498W8QDKEbaeF5tfx5\/edit?filetype=msword\">https:\/\/docs.google.com\/file\/d\/1xKOHsjxlpHjwUQ498W8QDKEbaeF5tfx5\/edit?filetype=msword<\/a><\/p>\n<p>&nbsp;<\/p>\n<p>Bea Passos<\/p>\n<p>Assessoria de Imprensa[\/vc_column_text][\/vc_column][\/vc_row]<\/p>\n<\/div>","protected":false},"excerpt":{"rendered":"<p>[vc_row][vc_column][\/vc_column][\/vc_row][vc_row][vc_column][vc_column_text] Mostra de Cinema Negro de MT prorroga prazo de inscri\u00e7\u00f5es \u00a0para produ\u00e7\u00f5es negras e ind\u00edgenas Participa\u00e7\u00e3o \u00e9 gratuita e Mostra acontece entre os dias 04 e 06 de julho &nbsp; A 7\u00aa Mostra de Cinema Negro de Mato Grosso [&hellip;]<\/p>\n","protected":false},"author":7,"featured_media":0,"parent":0,"menu_order":0,"comment_status":"closed","ping_status":"closed","template":"","meta":{"footnotes":""},"class_list":["post-1206","page","type-page","status-publish","hentry"],"yoast_head":"<!-- This site is optimized with the Yoast SEO plugin v26.9 - https:\/\/yoast.com\/product\/yoast-seo-wordpress\/ -->\n<title>7\u00aa Mostra Quariter\u00ea - Aquilombamento Audiovisual Quariter\u00ea<\/title>\n<meta name=\"robots\" content=\"index, follow, max-snippet:-1, max-image-preview:large, max-video-preview:-1\" \/>\n<link rel=\"canonical\" href=\"https:\/\/quaritere.com.br\/site\/7a-mostra-quaritere\/\" \/>\n<meta property=\"og:locale\" content=\"pt_BR\" \/>\n<meta property=\"og:type\" content=\"article\" \/>\n<meta property=\"og:title\" content=\"7\u00aa Mostra Quariter\u00ea - Aquilombamento Audiovisual Quariter\u00ea\" \/>\n<meta property=\"og:description\" content=\"[vc_row][vc_column][\/vc_column][\/vc_row][vc_row][vc_column][vc_column_text] Mostra de Cinema Negro de MT prorroga prazo de inscri\u00e7\u00f5es \u00a0para produ\u00e7\u00f5es negras e ind\u00edgenas Participa\u00e7\u00e3o \u00e9 gratuita e Mostra acontece entre os dias 04 e 06 de julho &nbsp; A 7\u00aa Mostra de Cinema Negro de Mato Grosso [&hellip;]\" \/>\n<meta property=\"og:url\" content=\"https:\/\/quaritere.com.br\/site\/7a-mostra-quaritere\/\" \/>\n<meta property=\"og:site_name\" content=\"Aquilombamento Audiovisual Quariter\u00ea\" \/>\n<meta property=\"article:modified_time\" content=\"2024-05-06T17:42:02+00:00\" \/>\n<meta name=\"twitter:card\" content=\"summary_large_image\" \/>\n<meta name=\"twitter:label1\" content=\"Est. tempo de leitura\" \/>\n\t<meta name=\"twitter:data1\" content=\"4 minutos\" \/>\n<script type=\"application\/ld+json\" class=\"yoast-schema-graph\">{\"@context\":\"https:\/\/schema.org\",\"@graph\":[{\"@type\":\"WebPage\",\"@id\":\"https:\/\/quaritere.com.br\/site\/7a-mostra-quaritere\/\",\"url\":\"https:\/\/quaritere.com.br\/site\/7a-mostra-quaritere\/\",\"name\":\"7\u00aa Mostra Quariter\u00ea - Aquilombamento Audiovisual Quariter\u00ea\",\"isPartOf\":{\"@id\":\"https:\/\/quaritere.com.br\/site\/#website\"},\"datePublished\":\"2024-03-13T14:32:11+00:00\",\"dateModified\":\"2024-05-06T17:42:02+00:00\",\"breadcrumb\":{\"@id\":\"https:\/\/quaritere.com.br\/site\/7a-mostra-quaritere\/#breadcrumb\"},\"inLanguage\":\"pt-BR\",\"potentialAction\":[{\"@type\":\"ReadAction\",\"target\":[\"https:\/\/quaritere.com.br\/site\/7a-mostra-quaritere\/\"]}]},{\"@type\":\"BreadcrumbList\",\"@id\":\"https:\/\/quaritere.com.br\/site\/7a-mostra-quaritere\/#breadcrumb\",\"itemListElement\":[{\"@type\":\"ListItem\",\"position\":1,\"name\":\"In\u00edcio\",\"item\":\"https:\/\/quaritere.com.br\/site\/\"},{\"@type\":\"ListItem\",\"position\":2,\"name\":\"7\u00aa Mostra Quariter\u00ea\"}]},{\"@type\":\"WebSite\",\"@id\":\"https:\/\/quaritere.com.br\/site\/#website\",\"url\":\"https:\/\/quaritere.com.br\/site\/\",\"name\":\"Aquilombamento Audiovisual Quariter\u00ea\",\"description\":\"Site Oficial\",\"potentialAction\":[{\"@type\":\"SearchAction\",\"target\":{\"@type\":\"EntryPoint\",\"urlTemplate\":\"https:\/\/quaritere.com.br\/site\/?s={search_term_string}\"},\"query-input\":{\"@type\":\"PropertyValueSpecification\",\"valueRequired\":true,\"valueName\":\"search_term_string\"}}],\"inLanguage\":\"pt-BR\"}]}<\/script>\n<!-- \/ Yoast SEO plugin. -->","yoast_head_json":{"title":"7\u00aa Mostra Quariter\u00ea - Aquilombamento Audiovisual Quariter\u00ea","robots":{"index":"index","follow":"follow","max-snippet":"max-snippet:-1","max-image-preview":"max-image-preview:large","max-video-preview":"max-video-preview:-1"},"canonical":"https:\/\/quaritere.com.br\/site\/7a-mostra-quaritere\/","og_locale":"pt_BR","og_type":"article","og_title":"7\u00aa Mostra Quariter\u00ea - Aquilombamento Audiovisual Quariter\u00ea","og_description":"[vc_row][vc_column][\/vc_column][\/vc_row][vc_row][vc_column][vc_column_text] Mostra de Cinema Negro de MT prorroga prazo de inscri\u00e7\u00f5es \u00a0para produ\u00e7\u00f5es negras e ind\u00edgenas Participa\u00e7\u00e3o \u00e9 gratuita e Mostra acontece entre os dias 04 e 06 de julho &nbsp; A 7\u00aa Mostra de Cinema Negro de Mato Grosso [&hellip;]","og_url":"https:\/\/quaritere.com.br\/site\/7a-mostra-quaritere\/","og_site_name":"Aquilombamento Audiovisual Quariter\u00ea","article_modified_time":"2024-05-06T17:42:02+00:00","twitter_card":"summary_large_image","twitter_misc":{"Est. tempo de leitura":"4 minutos"},"schema":{"@context":"https:\/\/schema.org","@graph":[{"@type":"WebPage","@id":"https:\/\/quaritere.com.br\/site\/7a-mostra-quaritere\/","url":"https:\/\/quaritere.com.br\/site\/7a-mostra-quaritere\/","name":"7\u00aa Mostra Quariter\u00ea - Aquilombamento Audiovisual Quariter\u00ea","isPartOf":{"@id":"https:\/\/quaritere.com.br\/site\/#website"},"datePublished":"2024-03-13T14:32:11+00:00","dateModified":"2024-05-06T17:42:02+00:00","breadcrumb":{"@id":"https:\/\/quaritere.com.br\/site\/7a-mostra-quaritere\/#breadcrumb"},"inLanguage":"pt-BR","potentialAction":[{"@type":"ReadAction","target":["https:\/\/quaritere.com.br\/site\/7a-mostra-quaritere\/"]}]},{"@type":"BreadcrumbList","@id":"https:\/\/quaritere.com.br\/site\/7a-mostra-quaritere\/#breadcrumb","itemListElement":[{"@type":"ListItem","position":1,"name":"In\u00edcio","item":"https:\/\/quaritere.com.br\/site\/"},{"@type":"ListItem","position":2,"name":"7\u00aa Mostra Quariter\u00ea"}]},{"@type":"WebSite","@id":"https:\/\/quaritere.com.br\/site\/#website","url":"https:\/\/quaritere.com.br\/site\/","name":"Aquilombamento Audiovisual Quariter\u00ea","description":"Site Oficial","potentialAction":[{"@type":"SearchAction","target":{"@type":"EntryPoint","urlTemplate":"https:\/\/quaritere.com.br\/site\/?s={search_term_string}"},"query-input":{"@type":"PropertyValueSpecification","valueRequired":true,"valueName":"search_term_string"}}],"inLanguage":"pt-BR"}]}},"_links":{"self":[{"href":"https:\/\/quaritere.com.br\/site\/wp-json\/wp\/v2\/pages\/1206","targetHints":{"allow":["GET"]}}],"collection":[{"href":"https:\/\/quaritere.com.br\/site\/wp-json\/wp\/v2\/pages"}],"about":[{"href":"https:\/\/quaritere.com.br\/site\/wp-json\/wp\/v2\/types\/page"}],"author":[{"embeddable":true,"href":"https:\/\/quaritere.com.br\/site\/wp-json\/wp\/v2\/users\/7"}],"replies":[{"embeddable":true,"href":"https:\/\/quaritere.com.br\/site\/wp-json\/wp\/v2\/comments?post=1206"}],"version-history":[{"count":9,"href":"https:\/\/quaritere.com.br\/site\/wp-json\/wp\/v2\/pages\/1206\/revisions"}],"predecessor-version":[{"id":1273,"href":"https:\/\/quaritere.com.br\/site\/wp-json\/wp\/v2\/pages\/1206\/revisions\/1273"}],"wp:attachment":[{"href":"https:\/\/quaritere.com.br\/site\/wp-json\/wp\/v2\/media?parent=1206"}],"curies":[{"name":"wp","href":"https:\/\/api.w.org\/{rel}","templated":true}]}}